{"id":43,"date":"2024-05-02T14:55:09","date_gmt":"2024-05-02T12:55:09","guid":{"rendered":"https:\/\/www.csc-cb.de\/?page_id=43"},"modified":"2025-05-08T13:08:17","modified_gmt":"2025-05-08T11:08:17","slug":"imprint","status":"publish","type":"page","link":"https:\/\/www.csc-cb.de\/en\/impressum\/","title":{"rendered":"Imprint"},"content":{"rendered":"<p>[et_pb_section fb_built=&#8220;1&#8243; admin_label=&#8220;section&#8220; _builder_version=&#8220;4.16&#8243; global_colors_info=&#8220;{}&#8220;][et_pb_row admin_label=&#8220;row&#8220; _builder_version=&#8220;4.16&#8243; background_size=&#8220;initial&#8220; background_position=&#8220;top_left&#8220; background_repeat=&#8220;repeat&#8220; global_colors_info=&#8220;{}&#8220;][et_pb_column type=&#8220;4_4&#8243; _builder_version=&#8220;4.16&#8243; custom_padding=&#8220;|||&#8220; global_colors_info=&#8220;{}&#8220; custom_padding__hover=&#8220;|||&#8220;][et_pb_heading title=&#8220;Impressum &#038; Datenschutz&#8220; _builder_version=&#8220;4.27.4&#8243; _module_preset=&#8220;c33f07d9-41e0-421a-8799-5799df695cce&#8220; title_text_align=&#8220;center&#8220; max_width=&#8220;70%&#8220; max_width_tablet=&#8220;70%&#8220; max_width_phone=&#8220;70%&#8220; max_width_last_edited=&#8220;on|phone&#8220; module_alignment=&#8220;center&#8220; animation_style=&#8220;fade&#8220; hover_enabled=&#8220;0&#8243; global_colors_info=&#8220;{}&#8220; sticky_enabled=&#8220;0&#8243;][\/et_pb_heading][et_pb_text admin_label=&#8220;Text&#8220; _builder_version=&#8220;4.27.4&#8243; background_size=&#8220;initial&#8220; background_position=&#8220;top_left&#8220; background_repeat=&#8220;repeat&#8220; hover_enabled=&#8220;0&#8243; global_colors_info=&#8220;{}&#8220; sticky_enabled=&#8220;0&#8243;]<\/p>\n<p>Angaben gem\u00e4\u00df \u00a7 5 TMG:<br \/>CANNABIS SOCIAL CLUB COTTBUS<\/p>\n<p>Postanschrift:<br \/>G\u00fcterzufuhrstra\u00dfe 7<br \/>03046 Cottbus<\/p>\n<p>Kontakt:<br \/>info@csc-cb.de<\/p>\n<p>Vertreten durch:<\/p>\n<p>1. Vorsitzender: Martin Werner<br \/>Schatzmeister: Janine Kalisch<br \/>Schriftf\u00fchrer und 2. Vorsitzender: Ulrich Barthel<\/p>\n<p>Vereinsregistereintrag: Eintragung in das Register folgt<br \/>Registergericht: Cottbus<br \/>Registernummer: noch nicht erteilt<br \/>Umsatzsteuer-ID: noch nicht erteilt<br \/>Umsatzsteuer-Identifiaktionsnummer gem\u00e4\u00df \u00a727a UStG: noch nicht erteilt<br \/>Wirtschafts-ID: noch nicht erteilt<\/p>\n<p>Hinweise zur Website:<br \/>Verantwortlich f\u00fcr journalistisch-redaktionelle Inhalte ist:<br \/>Step2 Martin Werner<br \/>c\/o Cannabis Social Club Cottbus<br \/>Sielower Landstra\u00dfe 67a<br \/>03044 Cottbus<\/p>\n<p>Information gem\u00e4\u00df \u00a7 36 VSBG<br \/>Gem\u00e4\u00df \u00a7 36 VSBG (Verbraucherstreitbeilegungsgesetz \u2013 Gesetz \u00fcber die alternative Streitbeilegung in Verbrauchersachen) erkl\u00e4rt der Betreiber dieser Website:<br \/>Wir sind weder bereit noch verpflichtet, an Streitbeilegungsverfahren vor einer Verbraucherschlichtungsstelle teilzunehmen.<\/p>\n<p>[\/et_pb_text][\/et_pb_column][\/et_pb_row][et_pb_row admin_label=&#8220;row&#8220; _builder_version=&#8220;4.16&#8243; background_size=&#8220;initial&#8220; background_position=&#8220;top_left&#8220; background_repeat=&#8220;repeat&#8220; global_colors_info=&#8220;{}&#8220;][et_pb_column type=&#8220;4_4&#8243; _builder_version=&#8220;4.16&#8243; custom_padding=&#8220;|||&#8220; global_colors_info=&#8220;{}&#8220; custom_padding__hover=&#8220;|||&#8220;][et_pb_heading title=&#8220;Datenschutzerkl\u00e4rung&#8220; _builder_version=&#8220;4.27.4&#8243; _module_preset=&#8220;c33f07d9-41e0-421a-8799-5799df695cce&#8220; title_text_align=&#8220;center&#8220; max_width=&#8220;70%&#8220; max_width_tablet=&#8220;70%&#8220; max_width_phone=&#8220;70%&#8220; max_width_last_edited=&#8220;on|phone&#8220; module_alignment=&#8220;center&#8220; animation_style=&#8220;fade&#8220; hover_enabled=&#8220;0&#8243; global_colors_info=&#8220;{}&#8220; sticky_enabled=&#8220;0&#8243;][\/et_pb_heading][et_pb_text admin_label=&#8220;Text&#8220; _builder_version=&#8220;4.27.4&#8243; background_size=&#8220;initial&#8220; background_position=&#8220;top_left&#8220; background_repeat=&#8220;repeat&#8220; hover_enabled=&#8220;0&#8243; global_colors_info=&#8220;{}&#8220; sticky_enabled=&#8220;0&#8243;]<\/p>\n<p>Wer wir sind<\/p>\n<p>Die Adresse unserer Website ist: https:\/\/csc-cb.de.<br \/>Kommentare<\/p>\n<p>Wenn Besucher Kommentare auf der Website schreiben, sammeln wir die Daten, die im Kommentar-Formular angezeigt werden, au\u00dferdem die IP-Adresse des Besuchers und den User-Agent-String (damit wird der Browser identifiziert), um die Erkennung von Spam zu unterst\u00fctzen.<\/p>\n<p>Aus deiner E-Mail-Adresse kann eine anonymisierte Zeichenfolge erstellt (auch Hash genannt) und dem Gravatar-Dienst \u00fcbergeben werden, um zu pr\u00fcfen, ob du diesen benutzt. Die Datenschutzerkl\u00e4rung des Gravatar-Dienstes findest du hier: https:\/\/automattic.com\/privacy\/. Nachdem dein Kommentar freigegeben wurde, ist dein Profilbild \u00f6ffentlich im Kontext deines Kommentars sichtbar.<br \/>Medien<\/p>\n<p>Wenn du ein registrierter Benutzer bist und Fotos auf diese Website l\u00e4dst, solltest du vermeiden, Fotos mit einem EXIF-GPS-Standort hochzuladen. Besucher dieser Website k\u00f6nnten Fotos, die auf dieser Website gespeichert sind, herunterladen und deren Standort-Informationen extrahieren.<br \/>Cookies<\/p>\n<p>Wenn du einen Kommentar auf unserer Website schreibst, kann das eine Einwilligung sein, deinen Namen, E-Mail-Adresse und Website in Cookies zu speichern. Dies ist eine Komfortfunktion, damit du nicht, wenn du einen weiteren Kommentar schreibst, all diese Daten erneut eingeben musst. Diese Cookies werden ein Jahr lang gespeichert.<\/p>\n<p>Falls du ein Konto hast und dich auf dieser Website anmeldest, werden wir ein tempor\u00e4res Cookie setzen, um festzustellen, ob dein Browser Cookies akzeptiert. Dieses Cookie enth\u00e4lt keine personenbezogenen Daten und wird verworfen, wenn du deinen Browser schlie\u00dft.<\/p>\n<p>Wenn du dich anmeldest, werden wir einige Cookies einrichten, um deine Anmeldeinformationen und Anzeigeoptionen zu speichern. Anmelde-Cookies verfallen nach zwei Tagen und Cookies f\u00fcr die Anzeigeoptionen nach einem Jahr. Falls du bei der Anmeldung \u201eAngemeldet bleiben\u201c ausw\u00e4hlst, wird deine Anmeldung zwei Wochen lang aufrechterhalten. Mit der Abmeldung aus deinem Konto werden die Anmelde-Cookies gel\u00f6scht.<\/p>\n<p>Wenn du einen Artikel bearbeitest oder ver\u00f6ffentlichst, wird ein zus\u00e4tzlicher Cookie in deinem Browser gespeichert. Dieser Cookie enth\u00e4lt keine personenbezogenen Daten und verweist nur auf die Beitrags-ID des Artikels, den du gerade bearbeitet hast. Der Cookie verf\u00e4llt nach einem Tag.<br \/>Eingebettete Inhalte von anderen Websites<\/p>\n<p>Beitr\u00e4ge auf dieser Website k\u00f6nnen eingebettete Inhalte beinhalten (z. B. Videos, Bilder, Beitr\u00e4ge etc.). Eingebettete Inhalte von anderen Websites verhalten sich exakt so, als ob der Besucher die andere Website besucht h\u00e4tte.<\/p>\n<p>Diese Websites k\u00f6nnen Daten \u00fcber dich sammeln, Cookies benutzen, zus\u00e4tzliche Tracking-Dienste von Dritten einbetten und deine Interaktion mit diesem eingebetteten Inhalt aufzeichnen, inklusive deiner Interaktion mit dem eingebetteten Inhalt, falls du ein Konto hast und auf dieser Website angemeldet bist.<br \/>Mit wem wir deine Daten teilen<\/p>\n<p>Wenn du eine Zur\u00fccksetzung des Passworts beantragst, wird deine IP-Adresse in der E-Mail zur Zur\u00fccksetzung enthalten sein.<br \/>Wie lange wir deine Daten speichern<\/p>\n<p>Wenn du einen Kommentar schreibst, wird dieser inklusive Metadaten zeitlich unbegrenzt gespeichert. Auf diese Art k\u00f6nnen wir Folgekommentare automatisch erkennen und freigeben, anstatt sie in einer Moderations-Warteschlange festzuhalten.<\/p>\n<p>F\u00fcr Benutzer, die sich auf unserer Website registrieren, speichern wir zus\u00e4tzlich die pers\u00f6nlichen Informationen, die sie in ihren Benutzerprofilen angeben. Alle Benutzer k\u00f6nnen jederzeit ihre pers\u00f6nlichen Informationen einsehen, ver\u00e4ndern oder l\u00f6schen (der Benutzername kann nicht ver\u00e4ndert werden). Administratoren der Website k\u00f6nnen diese Informationen ebenfalls einsehen und ver\u00e4ndern.<br \/>Welche Rechte du an deinen Daten hast<\/p>\n<p>Wenn du ein Konto auf dieser Website besitzt oder Kommentare geschrieben hast, kannst du einen Export deiner personenbezogenen Daten bei uns anfordern, inklusive aller Daten, die du uns mitgeteilt hast. Dar\u00fcber hinaus kannst du die L\u00f6schung aller personenbezogenen Daten, die wir von dir gespeichert haben, anfordern. Dies umfasst nicht die Daten, die wir aufgrund administrativer, rechtlicher oder sicherheitsrelevanter Notwendigkeiten aufbewahren m\u00fcssen.<br \/>Wohin deine Daten gesendet werden<\/p>\n<p>Besucher-Kommentare k\u00f6nnten von einem automatisierten Dienst zur Spam-Erkennung untersucht werden.<\/p>\n<p>[\/et_pb_text][\/et_pb_column][\/et_pb_row][\/et_pb_section]<\/p>\n","protected":false},"excerpt":{"rendered":"<p>Angaben gem\u00e4\u00df \u00a7 5 TMG:CANNABIS SOCIAL CLUB COTTBUS Postanschrift:G\u00fcterzufuhrstra\u00dfe 703046 Cottbus Kontakt:info@csc-cb.de Vertreten durch: 1. Vorsitzender: Martin WernerSchatzmeister: Janine KalischSchriftf\u00fchrer und 2. Vorsitzender: Ulrich Barthel Vereinsregistereintrag: Eintragung in das Register folgtRegistergericht: CottbusRegisternummer: noch nicht erteiltUmsatzsteuer-ID: noch nicht erteiltUmsatzsteuer-Identifiaktionsnummer gem\u00e4\u00df \u00a727a UStG: noch nicht erteiltWirtschafts-ID: noch nicht erteilt Hinweise zur Website:Verantwortlich f\u00fcr journalistisch-redaktionelle Inhalte ist:Step2 Martin [&hellip;]<\/p>\n","protected":false},"author":2,"featured_media":0,"parent":0,"menu_order":0,"comment_status":"closed","ping_status":"closed","template":"","meta":{"_et_pb_use_builder":"on","_et_pb_old_content":"<!-- wp:group {\"align\":\"full\",\"style\":{\"spacing\":{\"padding\":{\"top\":\"var:preset|spacing|50\",\"bottom\":\"var:preset|spacing|50\",\"left\":\"var:preset|spacing|50\",\"right\":\"var:preset|spacing|50\"},\"margin\":{\"top\":\"0\",\"bottom\":\"0\"}}},\"backgroundColor\":\"base\",\"layout\":{\"type\":\"constrained\"}} -->\n<div class=\"wp-block-group alignfull has-base-background-color has-background\" style=\"margin-top:0;margin-bottom:0;padding-top:var(--wp--preset--spacing--50);padding-right:var(--wp--preset--spacing--50);padding-bottom:var(--wp--preset--spacing--50);padding-left:var(--wp--preset--spacing--50)\"><!-- wp:columns {\"align\":\"wide\",\"style\":{\"spacing\":{\"blockGap\":{\"top\":\"var:preset|spacing|40\",\"left\":\"var:preset|spacing|30\"}}}} -->\n<div class=\"wp-block-columns alignwide\"><!-- wp:column {\"width\":\"60%\",\"style\":{\"spacing\":{\"blockGap\":\"var:preset|spacing|40\"}}} -->\n<div class=\"wp-block-column\" style=\"flex-basis:60%\"><!-- wp:columns {\"style\":{\"spacing\":{\"blockGap\":{\"top\":\"var:preset|spacing|30\",\"left\":\"var:preset|spacing|30\"}}}} -->\n<div class=\"wp-block-columns\"><!-- wp:column -->\n<div class=\"wp-block-column\"><!-- wp:heading -->\n<h2 class=\"wp-block-heading\">Impressum<\/h2>\n<!-- \/wp:heading -->\n\n<!-- wp:spacer {\"height\":\"28px\"} -->\n<div style=\"height:28px\" aria-hidden=\"true\" class=\"wp-block-spacer\"><\/div>\n<!-- \/wp:spacer -->\n\n<!-- wp:paragraph -->\n<p><strong>Angaben gem\u00e4\u00df \u00a7 5 TMG:<br><\/strong>CANNABIS SOCIAL CLUB COTTBUS<br><br><strong>Postanschrift<\/strong>:<br>G\u00fcterzufuhrstra\u00dfe 7<br>03046 Cottbus<br><br><strong>Kontakt:<br><\/strong>info@csc-cb.de<br><br><strong>Vertreten durch:<\/strong><\/p>\n<!-- \/wp:paragraph -->\n\n<!-- wp:list {\"ordered\":true} -->\n<ol><!-- wp:list-item -->\n<li>Vorsitzender: Martin Werner<br>Schatzmeister: Janine Kalisch<br>Schriftf\u00fchrer und 2. Vorsitzender: Ulrich Barthel<br>Vereinsregistereintrag: Eintragung in das Register folgt<br>Registergericht: Cottbus<br>Registernummer: noch nicht erteilt<br>Umsatzsteuer-ID: noch nicht erteilt<br>Umsatzsteuer-Identifiaktionsnummer gem\u00e4\u00df \u00a727a UStG: noch nicht erteilt<br>Wirtschafts-ID: noch nicht erteilt<br><br><strong>Hinweise zur Website:<br><\/strong>Verantwortlich f\u00fcr journalistisch-redaktionelle Inhalte ist:<br>Step2 Martin Werner<br>c\/o Cannabis Social Club Cottbus<br>Sielower Landstra\u00dfe 67a<br>03044 Cottbus<br><br><strong>Information gem\u00e4\u00df \u00a7 36 VSBG<br><\/strong>Gem\u00e4\u00df \u00a7 36 VSBG (Verbraucherstreitbeilegungsgesetz \u2013 Gesetz \u00fcber die alternative Streitbeilegung in Verbrauchersachen) erkl\u00e4rt der Betreiber dieser Website:<br>Wir sind weder bereit noch verpflichtet, an Streitbeilegungsverfahren vor einer Verbraucherschlichtungsstelle teilzunehmen.<\/li>\n<!-- \/wp:list-item --><\/ol>\n<!-- \/wp:list --><\/div>\n<!-- \/wp:column --><\/div>\n<!-- \/wp:columns --><\/div>\n<!-- \/wp:column --><\/div>\n<!-- \/wp:columns --><\/div>\n<!-- \/wp:group -->\n\n<!-- wp:group {\"align\":\"full\",\"style\":{\"spacing\":{\"padding\":{\"top\":\"var:preset|spacing|50\",\"bottom\":\"var:preset|spacing|50\",\"left\":\"var:preset|spacing|50\",\"right\":\"var:preset|spacing|50\"},\"margin\":{\"top\":\"0\",\"bottom\":\"0\"}}},\"layout\":{\"type\":\"constrained\"}} -->\n<div class=\"wp-block-group alignfull\" style=\"margin-top:0;margin-bottom:0;padding-top:var(--wp--preset--spacing--50);padding-right:var(--wp--preset--spacing--50);padding-bottom:var(--wp--preset--spacing--50);padding-left:var(--wp--preset--spacing--50)\"><!-- wp:group {\"align\":\"wide\",\"style\":{\"spacing\":{\"padding\":{\"top\":\"var:preset|spacing|50\",\"bottom\":\"var:preset|spacing|50\",\"left\":\"var:preset|spacing|50\",\"right\":\"var:preset|spacing|50\"}},\"border\":{\"radius\":\"16px\"}},\"backgroundColor\":\"base-2\",\"layout\":{\"type\":\"default\"}} -->\n<div class=\"wp-block-group alignwide has-base-2-background-color has-background\" style=\"border-radius:16px;padding-top:var(--wp--preset--spacing--50);padding-right:var(--wp--preset--spacing--50);padding-bottom:var(--wp--preset--spacing--50);padding-left:var(--wp--preset--spacing--50)\"><!-- wp:paragraph {\"align\":\"center\"} -->\n<p class=\"has-text-align-center\">We\u2019ve worked with some of the best companies.<\/p>\n<!-- \/wp:paragraph -->\n\n<!-- wp:spacer {\"height\":\"var:preset|spacing|10\"} -->\n<div style=\"height:var(--wp--preset--spacing--10)\" aria-hidden=\"true\" class=\"wp-block-spacer\"><\/div>\n<!-- \/wp:spacer -->\n\n<!-- wp:group {\"align\":\"wide\",\"style\":{\"spacing\":{\"blockGap\":\"var:preset|spacing|20\",\"padding\":{\"right\":\"0\",\"left\":\"0\",\"top\":\"0\",\"bottom\":\"0\"}}},\"layout\":{\"type\":\"flex\",\"flexWrap\":\"wrap\",\"justifyContent\":\"center\"}} -->\n<div class=\"wp-block-group alignwide\" style=\"padding-top:0;padding-right:0;padding-bottom:0;padding-left:0\"><!-- wp:image {\"width\":\"150px\",\"aspectRatio\":\"4\/3\",\"scale\":\"contain\",\"linkDestination\":\"none\"} -->\n<figure class=\"wp-block-image is-resized\"><img alt=\"\" style=\"aspect-ratio:4\/3;object-fit:contain;width:150px\"\/><\/figure>\n<!-- \/wp:image -->\n\n<!-- wp:image {\"width\":\"150px\",\"aspectRatio\":\"4\/3\",\"scale\":\"contain\",\"linkDestination\":\"none\"} -->\n<figure class=\"wp-block-image is-resized\"><img alt=\"\" style=\"aspect-ratio:4\/3;object-fit:contain;width:150px\"\/><\/figure>\n<!-- \/wp:image -->\n\n<!-- wp:image {\"width\":\"150px\",\"aspectRatio\":\"4\/3\",\"scale\":\"contain\",\"linkDestination\":\"none\"} -->\n<figure class=\"wp-block-image is-resized\"><img alt=\"\" style=\"aspect-ratio:4\/3;object-fit:contain;width:150px\"\/><\/figure>\n<!-- \/wp:image -->\n\n<!-- wp:image {\"width\":\"150px\",\"aspectRatio\":\"4\/3\",\"scale\":\"contain\",\"linkDestination\":\"none\"} -->\n<figure class=\"wp-block-image is-resized\"><img alt=\"\" style=\"aspect-ratio:4\/3;object-fit:contain;width:150px\"\/><\/figure>\n<!-- \/wp:image -->\n\n<!-- wp:image {\"width\":\"150px\",\"aspectRatio\":\"4\/3\",\"scale\":\"contain\",\"linkDestination\":\"none\"} -->\n<figure class=\"wp-block-image is-resized\"><img alt=\"\" style=\"aspect-ratio:4\/3;object-fit:contain;width:150px\"\/><\/figure>\n<!-- \/wp:image --><\/div>\n<!-- \/wp:group --><\/div>\n<!-- \/wp:group --><\/div>\n<!-- \/wp:group -->","_et_gb_content_width":"","footnotes":""},"class_list":["post-43","page","type-page","status-publish","hentry"],"_links":{"self":[{"href":"https:\/\/www.csc-cb.de\/en\/wp-json\/wp\/v2\/pages\/43","targetHints":{"allow":["GET"]}}],"collection":[{"href":"https:\/\/www.csc-cb.de\/en\/wp-json\/wp\/v2\/pages"}],"about":[{"href":"https:\/\/www.csc-cb.de\/en\/wp-json\/wp\/v2\/types\/page"}],"author":[{"embeddable":true,"href":"https:\/\/www.csc-cb.de\/en\/wp-json\/wp\/v2\/users\/2"}],"replies":[{"embeddable":true,"href":"https:\/\/www.csc-cb.de\/en\/wp-json\/wp\/v2\/comments?post=43"}],"version-history":[{"count":5,"href":"https:\/\/www.csc-cb.de\/en\/wp-json\/wp\/v2\/pages\/43\/revisions"}],"predecessor-version":[{"id":225629,"href":"https:\/\/www.csc-cb.de\/en\/wp-json\/wp\/v2\/pages\/43\/revisions\/225629"}],"wp:attachment":[{"href":"https:\/\/www.csc-cb.de\/en\/wp-json\/wp\/v2\/media?parent=43"}],"curies":[{"name":"wp","href":"https:\/\/api.w.org\/{rel}","templated":true}]}}