{"id":390,"date":"2025-02-18T13:36:06","date_gmt":"2025-02-18T12:36:06","guid":{"rendered":"https:\/\/www.csc-cb.de\/?page_id=390"},"modified":"2025-06-24T13:45:09","modified_gmt":"2025-06-24T11:45:09","slug":"contact","status":"publish","type":"page","link":"https:\/\/www.csc-cb.de\/en\/kontakt\/","title":{"rendered":"Contact us"},"content":{"rendered":"<p>[et_pb_section fb_built=&#8220;1&#8243; admin_label=&#8220;Hero&#8220; _builder_version=&#8220;4.17.6&#8243; _module_preset=&#8220;default&#8220; locked=&#8220;off&#8220; collapsed=&#8220;on&#8220; global_colors_info=&#8220;{}&#8220;][et_pb_row column_structure=&#8220;1_2,1_2&#8243; make_equal=&#8220;on&#8220; _builder_version=&#8220;4.27.4&#8243; _module_preset=&#8220;5138c454-be54-4233-bd3b-f8e6a8747976&#8243; global_colors_info=&#8220;{}&#8220;][et_pb_column type=&#8220;1_2&#8243; _builder_version=&#8220;4.27.4&#8243; _module_preset=&#8220;73121f80-a3ef-4484-8763-c3f18e3c56d2&#8243; custom_css_main_element=&#8220;margin: auto;&#8220; global_colors_info=&#8220;{}&#8220;][et_pb_heading title=&#8220;Wir sind f\u00fcr dich da&#8220; _builder_version=&#8220;4.27.4&#8243; _module_preset=&#8220;ddeb8c09-9078-4424-bc15-2efb6572e28e&#8220; animation_style=&#8220;slide&#8220; animation_direction=&#8220;left&#8220; locked=&#8220;off&#8220; global_colors_info=&#8220;{}&#8220;][\/et_pb_heading][et_pb_text _builder_version=&#8220;4.27.4&#8243; _module_preset=&#8220;2c55a9c4-feed-423b-9edb-ae0b5b365cac&#8220; animation_style=&#8220;slide&#8220; animation_direction=&#8220;left&#8220; animation_duration=&#8220;1100ms&#8220; locked=&#8220;off&#8220; global_colors_info=&#8220;{}&#8220;]<\/p>\n<p>Erfahre mehr \u00fcber uns, wie du Mitglied werden und von unseren exklusiven Angeboten profitieren kannst.<\/p>\n<p>[\/et_pb_text][et_pb_blurb title=&#8220;Direkter Kontakt&#8220; use_icon=&#8220;on&#8220; font_icon=&#8220;&#xf199;||fa||900&#8243; icon_color=&#8220;gcid-secondary-color&#8220; _builder_version=&#8220;4.27.4&#8243; _module_preset=&#8220;1ea53d41-9439-472c-8d8b-7bddb3bf9444&#8243; header_font=&#8220;&#8211;et_global_body_font|600|||||||&#8220; header_font_size=&#8220;16px&#8220; animation_style=&#8220;slide&#8220; animation_direction=&#8220;left&#8220; animation_duration=&#8220;1150ms&#8220; global_colors_info=&#8220;{%22gcid-body-color%22:%91%22body_text_color%22%93,%22gcid-heading-color%22:%91%22header_text_color%22%93,%22gcid-secondary-color%22:%91%22icon_color%22%93}&#8220;][\/et_pb_blurb][et_pb_blurb title=&#8220;Schnelle Antworten&#8220; use_icon=&#8220;on&#8220; font_icon=&#8220;&#xf059;||fa||400&#8243; icon_color=&#8220;gcid-secondary-color&#8220; _builder_version=&#8220;4.27.4&#8243; _module_preset=&#8220;1ea53d41-9439-472c-8d8b-7bddb3bf9444&#8243; header_font=&#8220;&#8211;et_global_body_font|600|||||||&#8220; header_font_size=&#8220;16px&#8220; animation_style=&#8220;slide&#8220; animation_direction=&#8220;left&#8220; animation_duration=&#8220;1200ms&#8220; global_colors_info=&#8220;{%22gcid-body-color%22:%91%22body_text_color%22,%22body_text_color%22%93,%22gcid-heading-color%22:%91%22header_text_color%22,%22header_text_color%22%93,%22gcid-secondary-color%22:%91%22icon_color%22,%22icon_color%22%93}&#8220;][\/et_pb_blurb][et_pb_blurb title=&#8220;Pers\u00f6nliche Beratung&#8220; use_icon=&#8220;on&#8220; font_icon=&#8220;&#xf2a0;||fa||900&#8243; icon_color=&#8220;gcid-secondary-color&#8220; _builder_version=&#8220;4.27.4&#8243; _module_preset=&#8220;1ea53d41-9439-472c-8d8b-7bddb3bf9444&#8243; header_font=&#8220;&#8211;et_global_body_font|600|||||||&#8220; header_font_size=&#8220;16px&#8220; animation_style=&#8220;slide&#8220; animation_direction=&#8220;left&#8220; animation_duration=&#8220;1250ms&#8220; global_colors_info=&#8220;{%22gcid-body-color%22:%91%22body_text_color%22,%22body_text_color%22%93,%22gcid-heading-color%22:%91%22header_text_color%22,%22header_text_color%22%93,%22gcid-secondary-color%22:%91%22icon_color%22,%22icon_color%22%93}&#8220;][\/et_pb_blurb][et_pb_button button_url=&#8220;\/#erreichbarkeit&#8220; button_text=&#8220;Jetzt Kontakt aufnehmen&#8220; _builder_version=&#8220;4.27.4&#8243; _module_preset=&#8220;b1f70960-d51a-4d75-a3a6-c81940e1041d&#8220; button_bg_color_tablet=&#8220;#A09533&#8243; button_bg_color_phone=&#8220;#A09533&#8243; button_bg_enable_color_tablet=&#8220;on&#8220; button_bg_enable_color_phone=&#8220;on&#8220; locked=&#8220;off&#8220; global_colors_info=&#8220;{}&#8220;][\/et_pb_button][\/et_pb_column][et_pb_column type=&#8220;1_2&#8243; _builder_version=&#8220;4.17.6&#8243; _module_preset=&#8220;73121f80-a3ef-4484-8763-c3f18e3c56d2&#8243; global_colors_info=&#8220;{}&#8220;][et_pb_image src=&#8220;https:\/\/www.csc-cb.de\/wp-content\/uploads\/2025\/05\/CSC-Cottbus-Kontakt.png&#8220; title_text=&#8220;CSC-Cottbus-Kontakt&#8220; _builder_version=&#8220;4.27.4&#8243; _module_preset=&#8220;6ed8fd5c-62c5-4100-98c3-7b8b6d2c2ee6&#8243; custom_margin_tablet=&#8220;50px||||false|false&#8220; custom_margin_phone=&#8220;50px||||false|false&#8220; custom_margin_last_edited=&#8220;on|tablet&#8220; animation_style=&#8220;slide&#8220; animation_direction=&#8220;right&#8220; box_shadow_style=&#8220;preset4&#8243; box_shadow_horizontal=&#8220;0px&#8220; box_shadow_vertical=&#8220;24px&#8220; box_shadow_blur=&#8220;72px&#8220; box_shadow_spread=&#8220;-12px&#8220; global_colors_info=&#8220;{}&#8220;][\/et_pb_image][\/et_pb_column][\/et_pb_row][\/et_pb_section][et_pb_section fb_built=&#8220;1&#8243; admin_label=&#8220;Contact Info&#8220; module_id=&#8220;erreichbarkeit&#8220; _builder_version=&#8220;4.27.4&#8243; _module_preset=&#8220;default&#8220; collapsed=&#8220;on&#8220; global_colors_info=&#8220;{}&#8220;][et_pb_row column_structure=&#8220;1_2,1_2&#8243; make_equal=&#8220;on&#8220; _builder_version=&#8220;4.27.4&#8243; _module_preset=&#8220;default&#8220; animation_style=&#8220;fade&#8220; global_colors_info=&#8220;{}&#8220;][et_pb_column type=&#8220;1_2&#8243; _builder_version=&#8220;4.25.1&#8243; _module_preset=&#8220;50607da8-57bc-4d4b-aaef-f02e41c2cc4a&#8220; global_colors_info=&#8220;{}&#8220;][et_pb_blurb title=&#8220;Telefon&#8220; use_icon=&#8220;on&#8220; font_icon=&#8220;&#xe090;||divi||400&#8243; icon_alignment=&#8220;center&#8220; module_class=&#8220;ai_ignore_all&#8220; _builder_version=&#8220;4.27.4&#8243; _module_preset=&#8220;212b201d-2c34-41bd-936c-851b7357d08b&#8220; text_orientation=&#8220;center&#8220; global_colors_info=&#8220;{}&#8220;]<\/p>\n<p>+49 355\u00a0430 2205<\/p>\n<p>[\/et_pb_blurb][\/et_pb_column][et_pb_column type=&#8220;1_2&#8243; _builder_version=&#8220;4.25.1&#8243; _module_preset=&#8220;50607da8-57bc-4d4b-aaef-f02e41c2cc4a&#8220; global_colors_info=&#8220;{}&#8220;][et_pb_blurb title=&#8220;E-Mail&#8220; use_icon=&#8220;on&#8220; font_icon=&#8220;&#xf0e0;||fa||900&#8243; icon_alignment=&#8220;center&#8220; module_class=&#8220;ai_ignore_all&#8220; _builder_version=&#8220;4.27.4&#8243; _module_preset=&#8220;212b201d-2c34-41bd-936c-851b7357d08b&#8220; body_link_font_size=&#8220;18px&#8220; text_orientation=&#8220;center&#8220; body_link_font_size_tablet=&#8220;16px&#8220; body_link_font_size_phone=&#8220;15px&#8220; body_link_font_size_last_edited=&#8220;on|phone&#8220; locked=&#8220;off&#8220; global_colors_info=&#8220;{}&#8220;]<\/p>\n<p><a href=\"mailto:info@csc-cb.de\">info@csc-cb.de<\/a><\/p>\n<p>[\/et_pb_blurb][\/et_pb_column][\/et_pb_row][et_pb_row column_structure=&#8220;1_3,1_3,1_3&#8243; make_equal=&#8220;on&#8220; disabled_on=&#8220;on|on|on&#8220; _builder_version=&#8220;4.27.4&#8243; _module_preset=&#8220;default&#8220; animation_style=&#8220;fade&#8220; disabled=&#8220;on&#8220; global_colors_info=&#8220;{}&#8220;][et_pb_column type=&#8220;1_3&#8243; _builder_version=&#8220;4.25.1&#8243; _module_preset=&#8220;50607da8-57bc-4d4b-aaef-f02e41c2cc4a&#8220; global_colors_info=&#8220;{}&#8220;][et_pb_blurb title=&#8220;Telefon&#8220; use_icon=&#8220;on&#8220; font_icon=&#8220;&#xe090;||divi||400&#8243; icon_alignment=&#8220;center&#8220; module_class=&#8220;ai_ignore_all&#8220; _builder_version=&#8220;4.27.4&#8243; _module_preset=&#8220;212b201d-2c34-41bd-936c-851b7357d08b&#8220; text_orientation=&#8220;center&#8220; global_colors_info=&#8220;{}&#8220;]<\/p>\n<p>+49 355\u00a0430 2205<\/p>\n<p>[\/et_pb_blurb][\/et_pb_column][et_pb_column type=&#8220;1_3&#8243; _builder_version=&#8220;4.25.1&#8243; _module_preset=&#8220;50607da8-57bc-4d4b-aaef-f02e41c2cc4a&#8220; global_colors_info=&#8220;{}&#8220;][et_pb_blurb title=&#8220;E-Mail&#8220; use_icon=&#8220;on&#8220; font_icon=&#8220;&#xf0e0;||fa||900&#8243; icon_alignment=&#8220;center&#8220; module_class=&#8220;ai_ignore_all&#8220; _builder_version=&#8220;4.27.4&#8243; _module_preset=&#8220;212b201d-2c34-41bd-936c-851b7357d08b&#8220; body_link_font_size=&#8220;18px&#8220; text_orientation=&#8220;center&#8220; body_link_font_size_tablet=&#8220;16px&#8220; body_link_font_size_phone=&#8220;15px&#8220; body_link_font_size_last_edited=&#8220;on|phone&#8220; locked=&#8220;off&#8220; global_colors_info=&#8220;{}&#8220;]<\/p>\n<p><a href=\"mailto:info@csc-cb.de\">info@csc-cb.de<\/a><\/p>\n<p>[\/et_pb_blurb][\/et_pb_column][et_pb_column type=&#8220;1_3&#8243; _builder_version=&#8220;4.25.1&#8243; _module_preset=&#8220;50607da8-57bc-4d4b-aaef-f02e41c2cc4a&#8220; global_colors_info=&#8220;{}&#8220;][et_pb_blurb title=&#8220;Adresse&#8220; use_icon=&#8220;on&#8220; font_icon=&#8220;&#xf3c5;||fa||900&#8243; icon_alignment=&#8220;center&#8220; disabled_on=&#8220;off|off|off&#8220; module_class=&#8220;ai_ignore_all&#8220; _builder_version=&#8220;4.27.4&#8243; _module_preset=&#8220;212b201d-2c34-41bd-936c-851b7357d08b&#8220; text_orientation=&#8220;center&#8220; locked=&#8220;off&#8220; global_colors_info=&#8220;{}&#8220;]<\/p>\n<p>1234 Divi St. #1000, San Francisco, CA 94220<\/p>\n<p>[\/et_pb_blurb][\/et_pb_column][\/et_pb_row][\/et_pb_section][et_pb_section fb_built=&#8220;1&#8243; admin_label=&#8220;Lead Generation&#8220; module_id=&#8220;fragen&#8220; _builder_version=&#8220;4.27.4&#8243; _module_preset=&#8220;default&#8220; background_color=&#8220;#354634&#8243; locked=&#8220;off&#8220; collapsed=&#8220;on&#8220; global_colors_info=&#8220;{}&#8220;][et_pb_row _builder_version=&#8220;4.27.4&#8243; _module_preset=&#8220;c9cfaba2-2263-4f35-8227-8d16ca8bd1cc&#8220; width=&#8220;70%&#8220; width_tablet=&#8220;80%&#8220; width_phone=&#8220;80%&#8220; width_last_edited=&#8220;on|tablet&#8220; max_width=&#8220;1920px&#8220; animation_style=&#8220;fold&#8220; border_radii_tablet=&#8220;on|30px|30px|30px|30px&#8220; border_radii_phone=&#8220;on|20px|20px|20px|20px&#8220; border_radii_last_edited=&#8220;off|desktop&#8220; global_colors_info=&#8220;{}&#8220;][et_pb_column type=&#8220;4_4&#8243; _builder_version=&#8220;4.16&#8243; _module_preset=&#8220;73121f80-a3ef-4484-8763-c3f18e3c56d2&#8243; global_colors_info=&#8220;{}&#8220;][et_pb_heading title=&#8220;Hast du Fragen?&#8220; _builder_version=&#8220;4.27.4&#8243; _module_preset=&#8220;c33f07d9-41e0-421a-8799-5799df695cce&#8220; title_text_align=&#8220;center&#8220; locked=&#8220;off&#8220; global_colors_info=&#8220;{}&#8220;][\/et_pb_heading][et_pb_text _builder_version=&#8220;4.27.4&#8243; _module_preset=&#8220;2c55a9c4-feed-423b-9edb-ae0b5b365cac&#8220; text_orientation=&#8220;center&#8220; module_alignment=&#8220;center&#8220; locked=&#8220;off&#8220; global_colors_info=&#8220;{}&#8220;]<\/p>\n<p>F\u00fclle einfach das Formular aus, um uns deine Fragen und Vorschl\u00e4ge zu senden. Wir freuen uns auf deine Nachricht!<\/p>\n<p>[\/et_pb_text][et_pb_contact_form email=&#8220;info@csc-cb.de&#8220; custom_message=&#8220;Du hast eine Nachricht \u00fcber das Kontaktformular auf csc-cottbus.de erhalten.||et_pb_line_break_holder||||et_pb_line_break_holder||E-Mail: %%Email%%||et_pb_line_break_holder||Name: %%Name%%||et_pb_line_break_holder||Interessensgebiet: %%Interest%%||et_pb_line_break_holder||Nachricht: %%Massage%%&#8220; success_message=&#8220;Vielen Dank f\u00fcr deine Nachricht! Wir melden uns in K\u00fcrze bei dir!&#8220; _builder_version=&#8220;4.27.4&#8243; _module_preset=&#8220;347de7c5-8eec-4fb2-89ad-e07c220a4ead&#8220; _unique_id=&#8220;44dbb30d-fb7b-4fd1-8be9-5724ac732280&#8243; button_text_size=&#8220;16px&#8220; locked=&#8220;off&#8220; global_colors_info=&#8220;{}&#8220;][et_pb_contact_field field_id=&#8220;Email&#8220; field_title=&#8220;E-Mail Adresse&#8220; field_type=&#8220;email&#8220; fullwidth_field=&#8220;on&#8220; _builder_version=&#8220;4.27.4&#8243; _module_preset=&#8220;default&#8220; global_colors_info=&#8220;{}&#8220; button_text_size__hover_enabled=&#8220;off&#8220; button_one_text_size__hover_enabled=&#8220;off&#8220; button_two_text_size__hover_enabled=&#8220;off&#8220; button_text_color__hover_enabled=&#8220;off&#8220; button_one_text_color__hover_enabled=&#8220;off&#8220; button_two_text_color__hover_enabled=&#8220;off&#8220; button_border_width__hover_enabled=&#8220;off&#8220; button_one_border_width__hover_enabled=&#8220;off&#8220; button_two_border_width__hover_enabled=&#8220;off&#8220; button_border_color__hover_enabled=&#8220;off&#8220; button_one_border_color__hover_enabled=&#8220;off&#8220; button_two_border_color__hover_enabled=&#8220;off&#8220; button_border_radius__hover_enabled=&#8220;off&#8220; button_one_border_radius__hover_enabled=&#8220;off&#8220; button_two_border_radius__hover_enabled=&#8220;off&#8220; button_letter_spacing__hover_enabled=&#8220;off&#8220; button_one_letter_spacing__hover_enabled=&#8220;off&#8220; button_two_letter_spacing__hover_enabled=&#8220;off&#8220; button_bg_color__hover_enabled=&#8220;off&#8220; button_one_bg_color__hover_enabled=&#8220;off&#8220; button_two_bg_color__hover_enabled=&#8220;off&#8220;][\/et_pb_contact_field][et_pb_contact_field field_id=&#8220;Name&#8220; field_title=&#8220;Name&#8220; fullwidth_field=&#8220;on&#8220; _builder_version=&#8220;4.27.4&#8243; _module_preset=&#8220;default&#8220; global_colors_info=&#8220;{}&#8220; button_text_size__hover_enabled=&#8220;off&#8220; button_one_text_size__hover_enabled=&#8220;off&#8220; button_two_text_size__hover_enabled=&#8220;off&#8220; button_text_color__hover_enabled=&#8220;off&#8220; button_one_text_color__hover_enabled=&#8220;off&#8220; button_two_text_color__hover_enabled=&#8220;off&#8220; button_border_width__hover_enabled=&#8220;off&#8220; button_one_border_width__hover_enabled=&#8220;off&#8220; button_two_border_width__hover_enabled=&#8220;off&#8220; button_border_color__hover_enabled=&#8220;off&#8220; button_one_border_color__hover_enabled=&#8220;off&#8220; button_two_border_color__hover_enabled=&#8220;off&#8220; button_border_radius__hover_enabled=&#8220;off&#8220; button_one_border_radius__hover_enabled=&#8220;off&#8220; button_two_border_radius__hover_enabled=&#8220;off&#8220; button_letter_spacing__hover_enabled=&#8220;off&#8220; button_one_letter_spacing__hover_enabled=&#8220;off&#8220; button_two_letter_spacing__hover_enabled=&#8220;off&#8220; button_bg_color__hover_enabled=&#8220;off&#8220; button_one_bg_color__hover_enabled=&#8220;off&#8220; button_two_bg_color__hover_enabled=&#8220;off&#8220;][\/et_pb_contact_field][et_pb_contact_field field_id=&#8220;Interest&#8220; field_title=&#8220;Was interessiert dich?&#8220; field_type=&#8220;select&#8220; select_options=&#8220;%91{%22value%22:%22Mitgliedschaft%22,%22checked%22:0,%22dragID%22:-1},{%22value%22:%22Fragen zum Verein%22,%22checked%22:0,%22dragID%22:0},{%22value%22:%22Sortenkunde, Verwendung usw.%22,%22checked%22:0,%22dragID%22:1},{%22value%22:%22Sonstiges%22,%22checked%22:0,%22dragID%22:2}%93&#8243; fullwidth_field=&#8220;on&#8220; _builder_version=&#8220;4.27.4&#8243; _module_preset=&#8220;default&#8220; global_colors_info=&#8220;{}&#8220;][\/et_pb_contact_field][et_pb_contact_field field_id=&#8220;message&#8220; field_title=&#8220;Nachricht&#8220; field_type=&#8220;text&#8220; required_mark=&#8220;off&#8220; fullwidth_field=&#8220;on&#8220; _builder_version=&#8220;4.27.4&#8243; _module_preset=&#8220;default&#8220; global_colors_info=&#8220;{}&#8220;][\/et_pb_contact_field][\/et_pb_contact_form][\/et_pb_column][\/et_pb_row][\/et_pb_section][et_pb_section fb_built=&#8220;1&#8243; admin_label=&#8220;Frequently Asked Questions&#8220; module_id=&#8220;faq&#8220; _builder_version=&#8220;4.27.4&#8243; _module_preset=&#8220;default&#8220; background_color=&#8220;#354634&#8243; locked=&#8220;off&#8220; collapsed=&#8220;on&#8220; global_colors_info=&#8220;{}&#8220;][et_pb_row column_structure=&#8220;2_3,1_3&#8243; _builder_version=&#8220;4.18.0&#8243; _module_preset=&#8220;5138c454-be54-4233-bd3b-f8e6a8747976&#8243; global_colors_info=&#8220;{}&#8220;][et_pb_column type=&#8220;2_3&#8243; _builder_version=&#8220;4.16.1&#8243; _module_preset=&#8220;73121f80-a3ef-4484-8763-c3f18e3c56d2&#8243; global_colors_info=&#8220;{}&#8220;][et_pb_heading title=&#8220;H\u00e4ufig gestellte Fragen&#8220; _builder_version=&#8220;4.27.4&#8243; _module_preset=&#8220;c33f07d9-41e0-421a-8799-5799df695cce&#8220; title_text_color=&#8220;#FFFFFF&#8220; animation_style=&#8220;fade&#8220; locked=&#8220;off&#8220; global_colors_info=&#8220;{}&#8220;][\/et_pb_heading][\/et_pb_column][et_pb_column type=&#8220;1_3&#8243; _builder_version=&#8220;4.16.1&#8243; _module_preset=&#8220;73121f80-a3ef-4484-8763-c3f18e3c56d2&#8243; global_colors_info=&#8220;{}&#8220;][et_pb_button button_url=&#8220;\/mitgliedschaft\/&#8220; button_text=&#8220;Mehr erfahren&#8220; button_alignment=&#8220;right&#8220; button_alignment_tablet=&#8220;left&#8220; button_alignment_phone=&#8220;left&#8220; button_alignment_last_edited=&#8220;on|tablet&#8220; _builder_version=&#8220;4.27.4&#8243; _module_preset=&#8220;46faf01e-3d46-4795-9211-d79398d973ec&#8220; button_text_color=&#8220;gcid-secondary-color&#8220; animation_style=&#8220;slide&#8220; locked=&#8220;off&#8220; global_colors_info=&#8220;{%22gcid-secondary-color%22:%91%22button_text_color%22%93}&#8220;][\/et_pb_button][\/et_pb_column][\/et_pb_row][et_pb_row _builder_version=&#8220;4.16.1&#8243; _module_preset=&#8220;5138c454-be54-4233-bd3b-f8e6a8747976&#8243; global_colors_info=&#8220;{}&#8220;][et_pb_column type=&#8220;4_4&#8243; _builder_version=&#8220;4.16.1&#8243; _module_preset=&#8220;73121f80-a3ef-4484-8763-c3f18e3c56d2&#8243; global_colors_info=&#8220;{}&#8220;][et_pb_accordion _builder_version=&#8220;4.27.4&#8243; _module_preset=&#8220;453e4eb0-7dd4-4a39-a22e-ac1c1b766253&#8243; animation_style=&#8220;fade&#8220; hover_enabled=&#8220;0&#8243; locked=&#8220;off&#8220; global_colors_info=&#8220;{%22gcid-36fd78a7-34bc-404d-873c-dafa34efaae5%22:%91%22quote_icon_color%22,%22quote_icon_color%22,%22quote_icon_color%22,%22quote_icon_color%22,%22quote_icon_color%22,%22quote_icon_color%22,%22open_toggle_text_color%22,%22quote_icon_color%22,%22quote_icon_color%22,%22quote_icon_color%22,%22quote_icon_color%22,%22quote_icon_color%22,%22quote_icon_color%22,%22open_toggle_text_color%22,%22quote_icon_color%22,%22quote_icon_color%22,%22quote_icon_color%22,%22quote_icon_color%22,%22quote_icon_color%22,%22quote_icon_color%22,%22quote_icon_color%22,%22quote_icon_color%22,%22quote_icon_color%22,%22quote_icon_color%22,%22quote_icon_color%22,%22quote_icon_color%22%93,%22gcid-828accbb-1ed2-407d-95be-20ab4e191566%22:%91%22border_color_all%22,%22border_color_all%22,%22border_color_all%22,%22border_color_all%22,%22border_color_all%22,%22border_color_all%22,%22border_color_all%22,%22border_color_all%22,%22border_color_all%22,%22border_color_all%22,%22border_color_all%22,%22border_color_all%22,%22border_color_all%22,%22border_color_all%22,%22border_color_all%22,%22border_color_all%22,%22border_color_all%22,%22border_color_all%22,%22border_color_all%22,%22border_color_all%22,%22border_color_all%22,%22border_color_all%22,%22border_color_all%22,%22border_color_all%22%93,%22gcid-7cadd8b3-5228-48e4-90c4-212d09232f7b%22:%91%22toggle_text_color%22%93}&#8220; sticky_enabled=&#8220;0&#8243;][et_pb_accordion_item title=&#8220;Wie kann ich Mitglied im CSC Cottbus werden?&#8220; _builder_version=&#8220;4.21.0&#8243; _module_preset=&#8220;550abe5c-b505-4d6b-adc7-570bd7cc1217&#8243; hover_enabled=&#8220;0&#8243; global_colors_info=&#8220;{}&#8220; open=&#8220;off&#8220; sticky_enabled=&#8220;0&#8243;]<\/p>\n<p>Um Mitglied zu werden, m\u00fcssen Sie mindestens 21 Jahre alt sein und einen Wohnsitz in Deutschland haben. Die Mitgliedschaft ist auf 500 Personen begrenzt, und es gibt keine Aufnahme- oder Verwaltungsgeb\u00fchren.<\/p>\n<p>[\/et_pb_accordion_item][et_pb_accordion_item title=&#8220;Wann kann ich das erste Mal Cannabis erhalten?&#8220; _builder_version=&#8220;4.27.4&#8243; _module_preset=&#8220;550abe5c-b505-4d6b-adc7-570bd7cc1217&#8243; hover_enabled=&#8220;0&#8243; global_colors_info=&#8220;{}&#8220; open=&#8220;on&#8220; sticky_enabled=&#8220;0&#8243;]<\/p>\n<p>Zur Zeit k\u00f6nnen Sie sofort, nach dem Sie Mitglied geworden, sind Cannabis erhalten. Voraussetzung daf\u00fcr ist, dass sie mindestens 21 Jahre alt sind und seit 6 Monaten in Deutschland wohnhaft sind.<\/p>\n<p>[\/et_pb_accordion_item][et_pb_accordion_item title=&#8220;Welche Sorten werden angebaut?&#8220; _builder_version=&#8220;4.27.4&#8243; _module_preset=&#8220;550abe5c-b505-4d6b-adc7-570bd7cc1217&#8243; hover_enabled=&#8220;0&#8243; global_colors_info=&#8220;{}&#8220; open=&#8220;off&#8220; sticky_enabled=&#8220;0&#8243;]<\/p>\n<p>Mitglieder k\u00f6nnen Vorschl\u00e4ge f\u00fcr anzubauende Sorten machen. Wenn gen\u00fcgend Nachfrage besteht und die Sorte den gesetzlichen Vorgaben entspricht, wird sie angebaut. Eine detaillierte \u00dcbersicht \u00fcber unsere jetzigen Sorten findet sich <a href=\"\/ueberuns\/sorten\/#sorten\">hier<\/a>.<\/p>\n<p>[\/et_pb_accordion_item][et_pb_accordion_item title=&#8220;Gibt es eine THC-Obergrenze?&#8220; _builder_version=&#8220;4.27.4&#8243; _module_preset=&#8220;550abe5c-b505-4d6b-adc7-570bd7cc1217&#8243; hover_enabled=&#8220;0&#8243; global_colors_info=&#8220;{}&#8220; open=&#8220;off&#8220; sticky_enabled=&#8220;0&#8243;]<\/p>\n<p>Nein, es gibt eine keine gesetzlich festgelegte THC-Obergrenze angebauten Sorten. <span data-huuid=\"4224903375039000264\">Die Weitergabe ist lediglich durch Mengen beschr\u00e4nkt (25 Gramm pro Tag bzw. 50 Gramm pro Monat f\u00fcr Erwachsene<\/span>).<\/p>\n<p>[\/et_pb_accordion_item][et_pb_accordion_item title=&#8220;Wie viel kostet das Cannabis?&#8220; open=&#8220;off&#8220; _builder_version=&#8220;4.27.4&#8243; _module_preset=&#8220;550abe5c-b505-4d6b-adc7-570bd7cc1217&#8243; hover_enabled=&#8220;0&#8243; global_colors_info=&#8220;{}&#8220; sticky_enabled=&#8220;0&#8243;]<\/p>\n<p>Der Preis liegt je nach Abnahmemenge zwischen 6,50 und 12,00 Euro pro Gramm, ohne zus\u00e4tzliche Kosten oder Geb\u00fchren.<\/p>\n<p>[\/et_pb_accordion_item][\/et_pb_accordion][\/et_pb_column][\/et_pb_row][\/et_pb_section][et_pb_section fb_built=&#8220;1&#8243; admin_label=&#8220;Social Media&#8220; _builder_version=&#8220;4.27.4&#8243; _module_preset=&#8220;default&#8220; custom_margin=&#8220;6vh||6vh||true|false&#8220; collapsed=&#8220;on&#8220; global_colors_info=&#8220;{}&#8220;][et_pb_row _builder_version=&#8220;4.18.0&#8243; _module_preset=&#8220;5138c454-be54-4233-bd3b-f8e6a8747976&#8243; global_colors_info=&#8220;{}&#8220;][et_pb_column type=&#8220;4_4&#8243; _builder_version=&#8220;4.18.0&#8243; _module_preset=&#8220;73121f80-a3ef-4484-8763-c3f18e3c56d2&#8243; global_colors_info=&#8220;{}&#8220;][et_pb_heading title=&#8220;Folge uns auf Social Media&#8220; _builder_version=&#8220;4.27.4&#8243; _module_preset=&#8220;c33f07d9-41e0-421a-8799-5799df695cce&#8220; animation_style=&#8220;fade&#8220; locked=&#8220;off&#8220; global_colors_info=&#8220;{}&#8220;][\/et_pb_heading][\/et_pb_column][\/et_pb_row][et_pb_row column_structure=&#8220;1_2,1_2&#8243; _builder_version=&#8220;4.27.4&#8243; _module_preset=&#8220;5138c454-be54-4233-bd3b-f8e6a8747976&#8243; animation_style=&#8220;fade&#8220; global_colors_info=&#8220;{}&#8220;][et_pb_column type=&#8220;1_2&#8243; _builder_version=&#8220;4.18.0&#8243; _module_preset=&#8220;73121f80-a3ef-4484-8763-c3f18e3c56d2&#8243; global_colors_info=&#8220;{}&#8220;][et_pb_blurb title=&#8220;Facebook&#8220; url=&#8220;https:\/\/www.facebook.com\/profile.php?id=61560308281974&#8243; url_new_window=&#8220;on&#8220; use_icon=&#8220;on&#8220; font_icon=&#8220;&#xf39e;||fa||400&#8243; module_class=&#8220;ai_ignore_all&#8220; _builder_version=&#8220;4.27.4&#8243; _module_preset=&#8220;1ea53d41-9439-472c-8d8b-7bddb3bf9444&#8243; header_font=&#8220;&#8211;et_global_body_font|600|||||||&#8220; header_font_size=&#8220;16px&#8220; link_option_url=&#8220;https:\/\/www.facebook.com\/profile.php?id=61560308281974&#8243; link_option_url_new_window=&#8220;on&#8220; global_colors_info=&#8220;{%22gcid-body-color%22:%91%22body_text_color%22%93,%22gcid-heading-color%22:%91%22header_text_color%22%93,%22gcid-secondary-color%22:%91%22icon_color%22%93}&#8220;][\/et_pb_blurb][\/et_pb_column][et_pb_column type=&#8220;1_2&#8243; _builder_version=&#8220;4.18.0&#8243; _module_preset=&#8220;73121f80-a3ef-4484-8763-c3f18e3c56d2&#8243; global_colors_info=&#8220;{}&#8220;][et_pb_blurb title=&#8220;Instagram&#8220; url=&#8220;https:\/\/www.instagram.com\/csc_cottbus\/&#8220; url_new_window=&#8220;on&#8220; use_icon=&#8220;on&#8220; font_icon=&#8220;&#xe09a;||divi||400&#8243; module_class=&#8220;ai_ignore_all&#8220; _builder_version=&#8220;4.27.4&#8243; _module_preset=&#8220;1ea53d41-9439-472c-8d8b-7bddb3bf9444&#8243; header_font=&#8220;&#8211;et_global_body_font|600|||||||&#8220; header_font_size=&#8220;16px&#8220; link_option_url=&#8220;https:\/\/www.instagram.com\/csc_cottbus\/&#8220; link_option_url_new_window=&#8220;on&#8220; locked=&#8220;off&#8220; global_colors_info=&#8220;{%22gcid-body-color%22:%91%22body_text_color%22%93,%22gcid-heading-color%22:%91%22header_text_color%22%93,%22gcid-secondary-color%22:%91%22icon_color%22%93}&#8220;][\/et_pb_blurb][\/et_pb_column][\/et_pb_row][\/et_pb_section]<\/p>\n","protected":false},"excerpt":{"rendered":"<p>Erfahre mehr \u00fcber uns, wie du Mitglied werden und von unseren exklusiven Angeboten profitieren kannst.+49 355\u00a0430 2205info@csc-cb.de+49 355\u00a0430 2205info@csc-cb.de1234 Divi St. #1000, San Francisco, CA 94220F\u00fclle einfach das Formular aus, um uns deine Fragen und Vorschl\u00e4ge zu senden. Wir freuen uns auf deine Nachricht!Um Mitglied zu werden, m\u00fcssen Sie mindestens 21 Jahre alt sein und [&hellip;]<\/p>\n","protected":false},"author":4,"featured_media":0,"parent":0,"menu_order":0,"comment_status":"closed","ping_status":"closed","template":"","meta":{"_et_pb_use_builder":"on","_et_pb_old_content":"","_et_gb_content_width":"","footnotes":""},"class_list":["post-390","page","type-page","status-publish","hentry"],"_links":{"self":[{"href":"https:\/\/www.csc-cb.de\/en\/wp-json\/wp\/v2\/pages\/390","targetHints":{"allow":["GET"]}}],"collection":[{"href":"https:\/\/www.csc-cb.de\/en\/wp-json\/wp\/v2\/pages"}],"about":[{"href":"https:\/\/www.csc-cb.de\/en\/wp-json\/wp\/v2\/types\/page"}],"author":[{"embeddable":true,"href":"https:\/\/www.csc-cb.de\/en\/wp-json\/wp\/v2\/users\/4"}],"replies":[{"embeddable":true,"href":"https:\/\/www.csc-cb.de\/en\/wp-json\/wp\/v2\/comments?post=390"}],"version-history":[{"count":15,"href":"https:\/\/www.csc-cb.de\/en\/wp-json\/wp\/v2\/pages\/390\/revisions"}],"predecessor-version":[{"id":226311,"href":"https:\/\/www.csc-cb.de\/en\/wp-json\/wp\/v2\/pages\/390\/revisions\/226311"}],"wp:attachment":[{"href":"https:\/\/www.csc-cb.de\/en\/wp-json\/wp\/v2\/media?parent=390"}],"curies":[{"name":"wp","href":"https:\/\/api.w.org\/{rel}","templated":true}]}}