{"id":225928,"date":"2025-06-10T13:14:04","date_gmt":"2025-06-10T11:14:04","guid":{"rendered":"https:\/\/www.csc-cb.de\/?page_id=225928"},"modified":"2025-06-24T11:45:08","modified_gmt":"2025-06-24T09:45:08","slug":"botany","status":"publish","type":"page","link":"https:\/\/www.csc-cb.de\/en\/ueberuns\/sortenkunde\/","title":{"rendered":"Variety science in concrete terms"},"content":{"rendered":"\n[et_pb_section fb_built=&#8220;1&#8243; admin_label=&#8220;Hero&#8220; _builder_version=&#8220;4.27.4&#8243; _module_preset=&#8220;default&#8220; background_color=&#8220;#354634&#8243; use_background_color_gradient=&#8220;on&#8220; background_color_gradient_stops=&#8220;rgba(0,0,0,0.29) 0%|rgba(255,255,255,0) 100%&#8220; background_color_gradient_overlays_image=&#8220;on&#8220; background_color_gradient_start=&#8220;rgba(0,0,0,0.5)&#8220; background_color_gradient_end=&#8220;rgba(0,0,0,0.75)&#8220; background_enable_image=&#8220;off&#8220; background_enable_mask_style=&#8220;on&#8220; background_mask_style=&#8220;caret&#8220; custom_padding=&#8220;4vw||4vw||true|false&#8220; background_last_edited=&#8220;on|desktop&#8220; background_mask_transform_tablet=&#8220;rotate_90_degree|flip_vertical&#8220; locked=&#8220;off&#8220; collapsed=&#8220;on&#8220; global_colors_info=&#8220;{}&#8220;][et_pb_row column_structure=&#8220;1_2,1_2&#8243; _builder_version=&#8220;4.24.2&#8243; _module_preset=&#8220;5138c454-be54-4233-bd3b-f8e6a8747976&#8243; locked=&#8220;off&#8220; global_colors_info=&#8220;{}&#8220;][et_pb_column type=&#8220;1_2&#8243; _builder_version=&#8220;4.23.1&#8243; _module_preset=&#8220;73121f80-a3ef-4484-8763-c3f18e3c56d2&#8243; global_colors_info=&#8220;{}&#8220;][et_pb_heading title=&#8220;Sortenkunde&#8220; _builder_version=&#8220;4.27.4&#8243; _module_preset=&#8220;a48e63ea-ff6b-41bb-8f3d-c3068c76aac8&#8243; title_text_color=&#8220;gcid-primary-color&#8220; locked=&#8220;off&#8220; global_colors_info=&#8220;{%22gcid-primary-color%22:%91%22title_text_color%22%93}&#8220;][\/et_pb_heading][et_pb_heading title=&#8220;Unsere Cannabis-Sorten im \u00dcberblick&#8220; _builder_version=&#8220;4.27.4&#8243; _module_preset=&#8220;ddeb8c09-9078-4424-bc15-2efb6572e28e&#8220; animation_style=&#8220;slide&#8220; animation_direction=&#8220;left&#8220; animation_duration=&#8220;1100ms&#8220; locked=&#8220;off&#8220; global_colors_info=&#8220;{%22gcid-primary-color%22:%91%22title_text_color%22,%22title_text_color%22%93}&#8220;][\/et_pb_heading][et_pb_text _builder_version=&#8220;4.27.4&#8243; _module_preset=&#8220;2c55a9c4-feed-423b-9edb-ae0b5b365cac&#8220; animation_style=&#8220;slide&#8220; animation_direction=&#8220;left&#8220; animation_duration=&#8220;1200ms&#8220; locked=&#8220;off&#8220; global_colors_info=&#8220;{}&#8220;]<p>Hier findest du eine \u00dcbersicht unserer Cannabis-Sorten, die wir anbauen. Jede Sorte hat ihre eigenen Eigenschaften \u2013 von Wirkung \u00fcber THC- und CBD-Gehalt bis hin zu Geschmack und Aroma. Finde die Sorte, die am besten zu deinen Bed\u00fcrfnissen passt!<\/p>[\/et_pb_text][\/et_pb_column][et_pb_column type=&#8220;1_2&#8243; _builder_version=&#8220;4.23.1&#8243; _module_preset=&#8220;73121f80-a3ef-4484-8763-c3f18e3c56d2&#8243; global_colors_info=&#8220;{}&#8220;][et_pb_image src=&#8220;https:\/\/www.csc-cb.de\/wp-content\/uploads\/2025\/05\/creative-layout-of-hemp-seeds-2025-02-21-11-24-54-utc1-scaled.jpg&#8220; title_text=&#8220;creative-layout-of-hemp-seeds-2025-02-21-11-24-54-utc(1)&#8220; _builder_version=&#8220;4.27.4&#8243; _module_preset=&#8220;1cc6152f-565c-4c4d-b0c9-cf8c9576c341&#8243; animation_style=&#8220;slide&#8220; animation_direction=&#8220;right&#8220; box_shadow_style=&#8220;preset4&#8243; box_shadow_horizontal=&#8220;0px&#8220; box_shadow_vertical=&#8220;24px&#8220; box_shadow_blur=&#8220;72px&#8220; box_shadow_spread=&#8220;-12px&#8220; locked=&#8220;off&#8220; global_colors_info=&#8220;{}&#8220;][\/et_pb_image][\/et_pb_column][\/et_pb_row][\/et_pb_section][et_pb_section fb_built=&#8220;1&#8243; admin_label=&#8220;Features&#8220; _builder_version=&#8220;4.27.4&#8243; _module_preset=&#8220;default&#8220; background_color=&#8220;#F7F7F2&#8243; locked=&#8220;off&#8220; collapsed=&#8220;on&#8220; global_colors_info=&#8220;{}&#8220;][et_pb_row _builder_version=&#8220;4.17.6&#8243; _module_preset=&#8220;5138c454-be54-4233-bd3b-f8e6a8747976&#8243; locked=&#8220;off&#8220; global_colors_info=&#8220;{}&#8220;][et_pb_column type=&#8220;4_4&#8243; _builder_version=&#8220;4.17.3&#8243; _module_preset=&#8220;73121f80-a3ef-4484-8763-c3f18e3c56d2&#8243; global_colors_info=&#8220;{}&#8220;][et_pb_heading title=&#8220;Sativa vs. Indica &#8211; Unterschiede in Wirkung und Anwendung&#8220; _builder_version=&#8220;4.27.4&#8243; _module_preset=&#8220;c33f07d9-41e0-421a-8799-5799df695cce&#8220; title_text_align=&#8220;center&#8220; animation_style=&#8220;fade&#8220; global_colors_info=&#8220;{}&#8220;][\/et_pb_heading][et_pb_text _builder_version=&#8220;4.27.4&#8243; _module_preset=&#8220;2c55a9c4-feed-423b-9edb-ae0b5b365cac&#8220; text_orientation=&#8220;center&#8220; animation_style=&#8220;fade&#8220; global_colors_info=&#8220;{}&#8220;]<p>Sativa-Sorten werden oft f\u00fcr ihre psychisch anregende und belebende Wirkung gesch\u00e4tzt,<br \/>w\u00e4hrend Indica-Sorten eher f\u00fcr ihre beruhigenden und entspannenden Eigenschaften bekannt sind.<\/p>[\/et_pb_text][\/et_pb_column][\/et_pb_row][et_pb_row column_structure=&#8220;1_3,1_3,1_3&#8243; custom_padding_last_edited=&#8220;on|tablet&#8220; disabled_on=&#8220;off|off|on&#8220; _builder_version=&#8220;4.24.2&#8243; _module_preset=&#8220;5138c454-be54-4233-bd3b-f8e6a8747976&#8243; custom_padding_tablet=&#8220;||0px||false|false&#8220; custom_padding_phone=&#8220;||0px||false|false&#8220; locked=&#8220;off&#8220; global_colors_info=&#8220;{}&#8220;][et_pb_column type=&#8220;1_3&#8243; _builder_version=&#8220;4.18.0&#8243; _module_preset=&#8220;73121f80-a3ef-4484-8763-c3f18e3c56d2&#8243; global_colors_info=&#8220;{}&#8220;][et_pb_blurb title=&#8220;Wirkung von Sativa&#8220; use_icon=&#8220;on&#8220; font_icon=&#8220;&#xf53f;||fa||900&#8243; icon_color=&#8220;#A09533&#8243; _builder_version=&#8220;4.27.4&#8243; _module_preset=&#8220;212b201d-2c34-41bd-936c-851b7357d08b&#8220; animation_style=&#8220;slide&#8220; animation_direction=&#8220;left&#8220; global_colors_info=&#8220;{%22gcid-heading-color%22:%91%22header_text_color%22,%22header_text_color%22%93}&#8220;]<p>Sativa sorgt f\u00fcr ein kopflastiges High und wirkt stimulierend, motivierend und inspirierend. Sie erh\u00f6ht die Wachsamkeit, steigert das Wohlbefinden, f\u00f6rdert den Appetit und unterst\u00fctzt die Konzentration.<\/p>[\/et_pb_blurb][\/et_pb_column][et_pb_column type=&#8220;1_3&#8243; _builder_version=&#8220;4.18.0&#8243; _module_preset=&#8220;73121f80-a3ef-4484-8763-c3f18e3c56d2&#8243; global_colors_info=&#8220;{}&#8220;][et_pb_blurb title=&#8220;Wirkung von Indica&#8220; use_icon=&#8220;on&#8220; font_icon=&#8220;&#xf4b8;||fa||900&#8243; icon_color=&#8220;#A09533&#8243; _builder_version=&#8220;4.27.4&#8243; _module_preset=&#8220;212b201d-2c34-41bd-936c-851b7357d08b&#8220; animation_style=&#8220;slide&#8220; animation_direction=&#8220;bottom&#8220; locked=&#8220;off&#8220; global_colors_info=&#8220;{%22gcid-heading-color%22:%91%22header_text_color%22,%22header_text_color%22,%22header_text_color%22,%22header_text_color%22,%22header_text_color%22,%22header_text_color%22%93,%22gcid-body-color%22:%91%22body_text_color%22,%22body_text_color%22%93,%22gcid-secondary-color%22:%91%22icon_color%22%93}&#8220;]<p>Indica f\u00fchrt zu einem k\u00f6rperlastigen High, das Angstzust\u00e4nde lindern und bei Verspannungen und Stress helfen kann.<br \/>Sie wirkt beruhigend, f\u00f6rdert den Schlaf und kann Migr\u00e4ne lindern.<\/p>[\/et_pb_blurb][\/et_pb_column][et_pb_column type=&#8220;1_3&#8243; _builder_version=&#8220;4.18.0&#8243; _module_preset=&#8220;73121f80-a3ef-4484-8763-c3f18e3c56d2&#8243; global_colors_info=&#8220;{}&#8220;][et_pb_blurb title=&#8220;Hybride \u2013 Kombination aus Sativa und Indica&#8220; use_icon=&#8220;on&#8220; font_icon=&#8220;&#xf005;||fa||900&#8243; icon_color=&#8220;#A09533&#8243; _builder_version=&#8220;4.27.4&#8243; _module_preset=&#8220;212b201d-2c34-41bd-936c-851b7357d08b&#8220; animation_style=&#8220;slide&#8220; animation_direction=&#8220;right&#8220; locked=&#8220;off&#8220; global_colors_info=&#8220;{%22gcid-heading-color%22:%91%22header_text_color%22,%22header_text_color%22,%22header_text_color%22,%22header_text_color%22,%22header_text_color%22,%22header_text_color%22%93,%22gcid-body-color%22:%91%22body_text_color%22,%22body_text_color%22,%22body_text_color%22,%22body_text_color%22%93,%22gcid-secondary-color%22:%91%22icon_color%22%93}&#8220;]<p>Nahezu alle heute erh\u00e4ltlichen Cannabissorten sind Hybride. Z\u00fcchter versuchen, die besten Eigenschaften beider Arten zu kombinieren und so beispielsweise Sorten zu erschaffen, die die belebende Wirkung einer Sativa bieten, jedoch die beruhigende Wirkung einer Indica aufweisen.<\/p>[\/et_pb_blurb][\/et_pb_column][\/et_pb_row][et_pb_row column_structure=&#8220;1_2,1_2&#8243; custom_padding_last_edited=&#8220;on|tablet&#8220; disabled_on=&#8220;on|on|off&#8220; _builder_version=&#8220;4.24.2&#8243; _module_preset=&#8220;5138c454-be54-4233-bd3b-f8e6a8747976&#8243; width=&#8220;70%&#8220; width_tablet=&#8220;80%&#8220; width_phone=&#8220;80%&#8220; width_last_edited=&#8220;on|tablet&#8220; max_width=&#8220;1920px&#8220; custom_padding_tablet=&#8220;||0px||false|false&#8220; custom_padding_phone=&#8220;||0px||false|false&#8220; locked=&#8220;off&#8220; global_colors_info=&#8220;{}&#8220;][et_pb_column type=&#8220;1_2&#8243; _builder_version=&#8220;4.18.0&#8243; _module_preset=&#8220;73121f80-a3ef-4484-8763-c3f18e3c56d2&#8243; global_colors_info=&#8220;{}&#8220;][et_pb_blurb title=&#8220;Wirkung von Sativa&#8220; use_icon=&#8220;on&#8220; font_icon=&#8220;&#xf53f;||fa||900&#8243; icon_color=&#8220;#A09533&#8243; _builder_version=&#8220;4.27.4&#8243; _module_preset=&#8220;212b201d-2c34-41bd-936c-851b7357d08b&#8220; animation_style=&#8220;slide&#8220; animation_direction=&#8220;left&#8220; global_colors_info=&#8220;{%22gcid-heading-color%22:%91%22header_text_color%22,%22header_text_color%22%93}&#8220;]<p>Sativa sorgt f\u00fcr ein kopflastiges High und wirkt stimulierend, motivierend und inspirierend. Sie erh\u00f6ht die Wachsamkeit, steigert das Wohlbefinden, f\u00f6rdert den Appetit und unterst\u00fctzt die Konzentration.<\/p>[\/et_pb_blurb][\/et_pb_column][et_pb_column type=&#8220;1_2&#8243; _builder_version=&#8220;4.18.0&#8243; _module_preset=&#8220;73121f80-a3ef-4484-8763-c3f18e3c56d2&#8243; global_colors_info=&#8220;{}&#8220;][et_pb_blurb title=&#8220;Wirkung von Indica&#8220; use_icon=&#8220;on&#8220; font_icon=&#8220;&#xf4b8;||fa||900&#8243; icon_color=&#8220;#A09533&#8243; _builder_version=&#8220;4.27.4&#8243; _module_preset=&#8220;212b201d-2c34-41bd-936c-851b7357d08b&#8220; animation_style=&#8220;slide&#8220; animation_direction=&#8220;bottom&#8220; locked=&#8220;off&#8220; global_colors_info=&#8220;{%22gcid-heading-color%22:%91%22header_text_color%22,%22header_text_color%22,%22header_text_color%22,%22header_text_color%22,%22header_text_color%22,%22header_text_color%22%93,%22gcid-body-color%22:%91%22body_text_color%22,%22body_text_color%22%93,%22gcid-secondary-color%22:%91%22icon_color%22%93}&#8220;]<p>Indica f\u00fchrt zu einem k\u00f6rperlastigen High, das Angstzust\u00e4nde lindern und bei Verspannungen und Stress helfen kann.<br \/>Sie wirkt beruhigend, f\u00f6rdert den Schlaf und kann Migr\u00e4ne lindern.<\/p>[\/et_pb_blurb][\/et_pb_column][\/et_pb_row][et_pb_row custom_padding_last_edited=&#8220;on|tablet&#8220; disabled_on=&#8220;on|on|off&#8220; _builder_version=&#8220;4.27.4&#8243; _module_preset=&#8220;5138c454-be54-4233-bd3b-f8e6a8747976&#8243; width=&#8220;40%&#8220; module_alignment=&#8220;center&#8220; custom_padding_tablet=&#8220;||0px||false|false&#8220; custom_padding_phone=&#8220;||0px||false|false&#8220; locked=&#8220;off&#8220; global_colors_info=&#8220;{}&#8220;][et_pb_column type=&#8220;4_4&#8243; _builder_version=&#8220;4.18.0&#8243; _module_preset=&#8220;73121f80-a3ef-4484-8763-c3f18e3c56d2&#8243; global_colors_info=&#8220;{}&#8220;][et_pb_blurb title=&#8220;Hybride \u2013 Kombination aus Sativa und Indica&#8220; use_icon=&#8220;on&#8220; font_icon=&#8220;&#xf005;||fa||900&#8243; icon_color=&#8220;#A09533&#8243; _builder_version=&#8220;4.27.4&#8243; _module_preset=&#8220;212b201d-2c34-41bd-936c-851b7357d08b&#8220; animation_style=&#8220;slide&#8220; animation_direction=&#8220;right&#8220; locked=&#8220;off&#8220; global_colors_info=&#8220;{%22gcid-heading-color%22:%91%22header_text_color%22,%22header_text_color%22,%22header_text_color%22,%22header_text_color%22,%22header_text_color%22,%22header_text_color%22%93,%22gcid-body-color%22:%91%22body_text_color%22,%22body_text_color%22,%22body_text_color%22,%22body_text_color%22%93,%22gcid-secondary-color%22:%91%22icon_color%22%93}&#8220;]<p>Nahezu alle heute erh\u00e4ltlichen Cannabissorten sind Hybride. Z\u00fcchter versuchen, die besten Eigenschaften beider Arten zu kombinieren und so beispielsweise Sorten zu erschaffen, die die belebende Wirkung einer Sativa bieten, jedoch die beruhigende Wirkung einer Indica aufweisen.<\/p>[\/et_pb_blurb][\/et_pb_column][\/et_pb_row][\/et_pb_section][et_pb_section fb_built=&#8220;1&#8243; admin_label=&#8220;Features&#8220; module_id=&#8220;sorten&#8220; _builder_version=&#8220;4.27.4&#8243; _module_preset=&#8220;default&#8220; locked=&#8220;off&#8220; collapsed=&#8220;on&#8220; global_colors_info=&#8220;{}&#8220;][et_pb_row _builder_version=&#8220;4.17.6&#8243; _module_preset=&#8220;5138c454-be54-4233-bd3b-f8e6a8747976&#8243; locked=&#8220;off&#8220; global_colors_info=&#8220;{}&#8220;][et_pb_column type=&#8220;4_4&#8243; _builder_version=&#8220;4.17.3&#8243; _module_preset=&#8220;73121f80-a3ef-4484-8763-c3f18e3c56d2&#8243; global_colors_info=&#8220;{}&#8220;][et_pb_heading title=&#8220;Sorten\u00fcbersicht&#8220; _builder_version=&#8220;4.27.4&#8243; _module_preset=&#8220;c33f07d9-41e0-421a-8799-5799df695cce&#8220; title_text_align=&#8220;center&#8220; animation_style=&#8220;fade&#8220; global_colors_info=&#8220;{}&#8220;][\/et_pb_heading][et_pb_text _builder_version=&#8220;4.27.4&#8243; _module_preset=&#8220;2c55a9c4-feed-423b-9edb-ae0b5b365cac&#8220; text_orientation=&#8220;center&#8220; animation_style=&#8220;fade&#8220; global_colors_info=&#8220;{}&#8220;]<p>Egal, ob du nach Entspannung, Kreativit\u00e4t oder medizinischer Unterst\u00fctzung suchst, hier findest du die passende Sorte. Entdecke unsere Vielfalt und finde heraus, welche Sorte am besten zu dir passt!<\/p>[\/et_pb_text][\/et_pb_column][\/et_pb_row][et_pb_row _builder_version=&#8220;4.27.4&#8243; _module_preset=&#8220;default&#8220; width=&#8220;70%&#8220; width_tablet=&#8220;80%&#8220; width_phone=&#8220;80%&#8220; width_last_edited=&#8220;on|tablet&#8220; max_width=&#8220;1920px&#8220; global_colors_info=&#8220;{}&#8220;][et_pb_column type=&#8220;4_4&#8243; _builder_version=&#8220;4.27.4&#8243; _module_preset=&#8220;default&#8220; global_colors_info=&#8220;{}&#8220;][et_pb_filterable_portfolio posts_number=&#8220;200&#8243; show_pagination=&#8220;off&#8220; zoom_icon_color=&#8220;#A09533&#8243; hover_overlay_color=&#8220;RGBA(255,255,255,0)&#8220; _builder_version=&#8220;4.27.4&#8243; _module_preset=&#8220;default&#8220; title_font=&#8220;&#8211;et_global_heading_font|700|||||||&#8220; title_text_align=&#8220;center&#8220; title_text_color=&#8220;#191716&#8243; title_font_size=&#8220;22px&#8220; filter_font=&#8220;&#8211;et_global_body_font|600|||||||&#8220; filter_text_color=&#8220;#A09533&#8243; filter_font_size=&#8220;16px&#8220; caption_font=&#8220;&#8211;et_global_body_font||on||||||&#8220; caption_text_align=&#8220;center&#8220; caption_text_color=&#8220;#5B7836&#8243; caption_font_size=&#8220;20px&#8220; caption_line_height=&#8220;1em&#8220; text_orientation=&#8220;center&#8220; background_layout=&#8220;dark&#8220; animation_style=&#8220;fade&#8220; animation_duration=&#8220;1550ms&#8220; animation_delay=&#8220;400ms&#8220; hover_transition_duration=&#8220;2000ms&#8220; hover_transition_delay=&#8220;50ms&#8220; hover_transition_speed_curve=&#8220;ease-in-out&#8220; hover_enabled=&#8220;0&#8243; title_font_size_tablet=&#8220;20px&#8220; title_font_size_phone=&#8220;20px&#8220; title_font_size_last_edited=&#8220;on|phone&#8220; filter_font_size_tablet=&#8220;16px&#8220; filter_font_size_phone=&#8220;16px&#8220; filter_font_size_last_edited=&#8220;on|phone&#8220; caption_font_size_tablet=&#8220;18px&#8220; caption_font_size_phone=&#8220;16px&#8220; caption_font_size_last_edited=&#8220;on|phone&#8220; custom_css_free_form=&#8220;.post-meta {||  padding-bottom: 20px !important;||}||||.selector .et_pb_module_header {||  padding-top: 20px !important;||}||||.selector img:hover {||  transform: scale(1.2);||  transition-duration: 800ms;||}||||.et_pb_filterable_portfolio_0 .et_overlay {||  transform: scale(1.2);||  transition-duration: 800ms;||}||||.selector .et_pb_portfolio_item .et_portfolio_image img {||  display: none;||}&#8220; custom_css_portfolio_filters=&#8220;margin-bottom: 60px !important;||&#8220; border_color_all_image=&#8220;RGBA(255,255,255,0)&#8220; box_shadow_style_image=&#8220;preset1&#8243; global_colors_info=&#8220;{%22gcid-f2943306-fa6c-45f0-b632-5fc00151366a%22:%91%22read_more_text_color%22,%22meta_text_color%22,%22link_text_color%22%93,%22gcid-7cadd8b3-5228-48e4-90c4-212d09232f7b%22:%91%22header_text_color%22,%22text_text_color%22%93,%22gcid-secondary-color%22:%91%22pagination_text_color%22,%22quote_border_color%22,%22sale_badge_color%22%93,%22gcid-heading-color%22:%91%22header_2_text_color%22,%22header_text_color%22,%22header_3_text_color%22,%22header_4_text_color%22,%22header_5_text_color%22,%22header_6_text_color%22,%22quote_text_color%22%93,%22gcid-body-color%22:%91%22text_text_color%22%93,%22gcid-primary-color%22:%91%22link_text_color%22%93}&#8220; filter_brightness__hover_enabled=&#8220;on|hover&#8220; filter_brightness__hover=&#8220;&#8220; include_categories=&#8220;27,39,28,33,29,32,30,31&#8243; sticky_enabled=&#8220;0&#8243;][\/et_pb_filterable_portfolio][\/et_pb_column][\/et_pb_row][\/et_pb_section]\n","protected":false},"excerpt":{"rendered":"<p>Hier findest du eine \u00dcbersicht unserer Cannabis-Sorten, die wir anbauen. Jede Sorte hat ihre eigenen Eigenschaften \u2013 von Wirkung \u00fcber THC- und CBD-Gehalt bis hin zu Geschmack und Aroma. Finde die Sorte, die am besten zu deinen Bed\u00fcrfnissen passt!Sativa-Sorten werden oft f\u00fcr ihre psychisch anregende und belebende Wirkung gesch\u00e4tzt,w\u00e4hrend Indica-Sorten eher f\u00fcr ihre beruhigenden und [&hellip;]<\/p>\n","protected":false},"author":2,"featured_media":0,"parent":382,"menu_order":0,"comment_status":"closed","ping_status":"closed","template":"","meta":{"_et_pb_use_builder":"on","_et_pb_old_content":"","_et_gb_content_width":"","footnotes":""},"class_list":["post-225928","page","type-page","status-publish","hentry"],"_links":{"self":[{"href":"https:\/\/www.csc-cb.de\/en\/wp-json\/wp\/v2\/pages\/225928","targetHints":{"allow":["GET"]}}],"collection":[{"href":"https:\/\/www.csc-cb.de\/en\/wp-json\/wp\/v2\/pages"}],"about":[{"href":"https:\/\/www.csc-cb.de\/en\/wp-json\/wp\/v2\/types\/page"}],"author":[{"embeddable":true,"href":"https:\/\/www.csc-cb.de\/en\/wp-json\/wp\/v2\/users\/2"}],"replies":[{"embeddable":true,"href":"https:\/\/www.csc-cb.de\/en\/wp-json\/wp\/v2\/comments?post=225928"}],"version-history":[{"count":8,"href":"https:\/\/www.csc-cb.de\/en\/wp-json\/wp\/v2\/pages\/225928\/revisions"}],"predecessor-version":[{"id":226068,"href":"https:\/\/www.csc-cb.de\/en\/wp-json\/wp\/v2\/pages\/225928\/revisions\/226068"}],"up":[{"embeddable":true,"href":"https:\/\/www.csc-cb.de\/en\/wp-json\/wp\/v2\/pages\/382"}],"wp:attachment":[{"href":"https:\/\/www.csc-cb.de\/en\/wp-json\/wp\/v2\/media?parent=225928"}],"curies":[{"name":"wp","href":"https:\/\/api.w.org\/{rel}","templated":true}]}}