{"id":225594,"date":"2025-05-08T12:54:34","date_gmt":"2025-05-08T10:54:34","guid":{"rendered":"https:\/\/www.csc-cb.de\/?page_id=225594"},"modified":"2025-06-24T12:21:52","modified_gmt":"2025-06-24T10:21:52","slug":"preparation-grow-advice","status":"publish","type":"page","link":"https:\/\/www.csc-cb.de\/en\/zubereitung-growberatung\/","title":{"rendered":"Preparation &amp; grow advice"},"content":{"rendered":"<p>[et_pb_section fb_built=&#8220;1&#8243; admin_label=&#8220;Post Title&#8220; _builder_version=&#8220;4.27.4&#8243; _module_preset=&#8220;default&#8220; background_color=&#8220;#354634&#8243; custom_margin=&#8220;||||false|false&#8220; custom_padding=&#8220;8vw||8vw||false|false&#8220; global_colors_info=&#8220;{}&#8220;][et_pb_row _builder_version=&#8220;4.23.4&#8243; _module_preset=&#8220;default&#8220; global_colors_info=&#8220;{}&#8220;][et_pb_column type=&#8220;4_4&#8243; _builder_version=&#8220;4.23.4&#8243; _module_preset=&#8220;default&#8220; global_colors_info=&#8220;{}&#8220;][et_pb_post_title meta=&#8220;off&#8220; _builder_version=&#8220;4.27.4&#8243; _module_preset=&#8220;79a2adbb-3832-47d2-b346-83b9ce28868f&#8220; animation_style=&#8220;fade&#8220; locked=&#8220;off&#8220; global_colors_info=&#8220;{}&#8220;][\/et_pb_post_title][\/et_pb_column][\/et_pb_row][\/et_pb_section][et_pb_section fb_built=&#8220;1&#8243; admin_label=&#8220;Post&#8220; _builder_version=&#8220;4.27.4&#8243; _module_preset=&#8220;default&#8220; custom_padding=&#8220;0px||0px|||&#8220; hover_enabled=&#8220;0&#8243; wpt_cr_restrict_content=&#8220;on&#8220; wpt_cr_access_denied_text=&#8220;<\/p>\n<p style=%22text-align: center;%22><strong>Dieser Inhalt ist nur f\u00fcr Mitglieder sichtbar.<\/strong><br \/><strong>Melde dich <a href=%22\/anmelden%22>hier<\/a> an.<\/strong><\/p>\n<p>&#8220; wpt_cr_access_denied_text_font=&#8220;|&#8211;et_global_heading_font_weight|||||||&#8220; wpt_cr_access_denied_text_align=&#8220;center&#8220; wpt_cr_access_denied_text_font_color=&#8220;#191716&#8243; wpt_cr_access_denied_border_color=&#8220;#A09533&#8243; wpt_cr_access_denied_custom_margin=&#8220;50px|0|0|0|false|false&#8220; collapsed=&#8220;on&#8220; global_colors_info=&#8220;{}&#8220; sticky_enabled=&#8220;0&#8243;][et_pb_row _builder_version=&#8220;4.23.4&#8243; _module_preset=&#8220;default&#8220; custom_padding=&#8220;0px|||||&#8220; global_colors_info=&#8220;{}&#8220;][et_pb_column type=&#8220;4_4&#8243; _builder_version=&#8220;4.23.1&#8243; _module_preset=&#8220;default&#8220; global_colors_info=&#8220;{}&#8220;][et_pb_blog posts_number=&#8220;200&#8243; include_categories=&#8220;36,35&#8243; excerpt_length=&#8220;200&#8243; show_date=&#8220;off&#8220; show_pagination=&#8220;off&#8220; module_class=&#8220;et-custom-read-more-text&#8220; _builder_version=&#8220;4.27.4&#8243; _module_preset=&#8220;default&#8220; header_font=&#8220;&#8211;et_global_heading_font|700|||||||&#8220; header_text_align=&#8220;left&#8220; header_font_size=&#8220;22px&#8220; meta_font=&#8220;&#8211;et_global_body_font||on||||||&#8220; meta_text_align=&#8220;left&#8220; meta_text_color=&#8220;#5B7836&#8243; meta_font_size=&#8220;18px&#8220; meta_line_height=&#8220;1em&#8220; read_more_font_size=&#8220;18px&#8220; custom_margin=&#8220;-8vw||||false|false&#8220; animation_style=&#8220;slide&#8220; header_font_size_tablet=&#8220;20px&#8220; header_font_size_phone=&#8220;18px&#8220; body_font_size_tablet=&#8220;15px&#8220; body_font_size_phone=&#8220;14px&#8220; body_font_size_last_edited=&#8220;on|phone&#8220; meta_font_size_tablet=&#8220;16px&#8220; meta_font_size_phone=&#8220;15px&#8220; meta_font_size_last_edited=&#8220;on|phone&#8220; read_more_font_size_tablet=&#8220;16px&#8220; read_more_font_size_phone=&#8220;15px&#8220; read_more_font_size_last_edited=&#8220;on|phone&#8220; custom_css_free_form=&#8220;.selector .post-content .post-content-inner {||  margin-top: 30px !important;||  margin-bottom: 30px !important;||}&#8220; global_colors_info=&#8220;{%22gcid-f2943306-fa6c-45f0-b632-5fc00151366a%22:%91%22read_more_text_color%22,%22meta_text_color%22,%22link_text_color%22,%22read_more_text_color%22,%22meta_text_color%22,%22link_text_color%22%93,%22gcid-7cadd8b3-5228-48e4-90c4-212d09232f7b%22:%91%22header_text_color%22,%22text_text_color%22,%22header_text_color%22,%22text_text_color%22%93,%22gcid-secondary-color%22:%91%22pagination_text_color%22,%22quote_border_color%22,%22sale_badge_color%22,%22pagination_text_color%22,%22quote_border_color%22,%22sale_badge_color%22%93,%22gcid-heading-color%22:%91%22header_2_text_color%22,%22header_text_color%22,%22header_3_text_color%22,%22header_4_text_color%22,%22header_5_text_color%22,%22header_6_text_color%22,%22quote_text_color%22,%22header_2_text_color%22,%22header_text_color%22,%22header_3_text_color%22,%22header_4_text_color%22,%22header_5_text_color%22,%22header_6_text_color%22,%22quote_text_color%22%93,%22gcid-body-color%22:%91%22text_text_color%22,%22text_text_color%22%93,%22gcid-primary-color%22:%91%22link_text_color%22,%22link_text_color%22%93}&#8220;][\/et_pb_blog][et_pb_code _builder_version=&#8220;4.27.4&#8243; _module_preset=&#8220;default&#8220; global_colors_info=&#8220;{}&#8220;]<script>(function ($) {<!-- [et_pb_line_break_holder] -->  $(document).on(\"ready ajaxComplete\", function () {<!-- [et_pb_line_break_holder] -->    $(\".et-custom-read-more-text .et_pb_post a.more-link\").html(\"Mehr lesen\");<!-- [et_pb_line_break_holder] -->  });<!-- [et_pb_line_break_holder] -->})(jQuery);<\/script>[\/et_pb_code][\/et_pb_column][\/et_pb_row][\/et_pb_section][et_pb_section fb_built=&#8220;1&#8243; admin_label=&#8220;Timeline&#8220; _builder_version=&#8220;4.27.4&#8243; _module_preset=&#8220;default&#8220; display_conditions=&#8220;W3siaWQiOiI4YmEyYzE3MC00M2IwLTQ2ZjUtOTRjYy1hZThjMGIyMGQ1ZjIiLCJjb25kaXRpb24iOiJsb2dnZWRJblN0YXR1cyIsImNvbmRpdGlvblNldHRpbmdzIjp7ImRpc3BsYXlSdWxlIjoibG9nZ2VkSW4iLCJhZG1pbkxhYmVsIjoiQW5nZW1lbGRldGVyIFN0YXR1cyIsImVuYWJsZUNvbmRpdGlvbiI6Im9uIn0sIm9wZXJhdG9yIjoiT1IifV0=&#8220; locked=&#8220;off&#8220; collapsed=&#8220;on&#8220; global_colors_info=&#8220;{}&#8220;][et_pb_row _builder_version=&#8220;4.18.0&#8243; _module_preset=&#8220;5138c454-be54-4233-bd3b-f8e6a8747976&#8243; global_colors_info=&#8220;{}&#8220;][et_pb_column type=&#8220;4_4&#8243; _builder_version=&#8220;4.18.0&#8243; _module_preset=&#8220;73121f80-a3ef-4484-8763-c3f18e3c56d2&#8243; global_colors_info=&#8220;{}&#8220;][et_pb_heading title=&#8220;\ud83d\udd2cHinweise zu Wirkung &#038; Sicherheit&#8220; _builder_version=&#8220;4.27.4&#8243; _module_preset=&#8220;c33f07d9-41e0-421a-8799-5799df695cce&#8220; title_text_align=&#8220;center&#8220; animation_style=&#8220;fade&#8220; global_colors_info=&#8220;{}&#8220;][\/et_pb_heading][et_pb_text ul_position=&#8220;inside&#8220; _builder_version=&#8220;4.27.4&#8243; _module_preset=&#8220;2c55a9c4-feed-423b-9edb-ae0b5b365cac&#8220; ul_line_height=&#8220;1.7em&#8220; text_orientation=&#8220;center&#8220; animation_style=&#8220;fade&#8220; text_orientation_tablet=&#8220;center&#8220; text_orientation_phone=&#8220;center&#8220; text_orientation_last_edited=&#8220;on|desktop&#8220; global_colors_info=&#8220;{}&#8220;]<\/p>\n<ul>\n<li>Esswaren wirken verz\u00f6gert (30\u2013120 Minuten), daf\u00fcr st\u00e4rker und l\u00e4nger (6\u201310 Stunden).<\/li>\n<li>Nie nachlegen, bevor du die Wirkung sp\u00fcrst \u2013 \u00dcberdosierung ist h\u00e4ufig bei Einsteigern.<\/li>\n<li>Beginne mit kleinen Mengen (max. 5\u201310\u202fmg THC).<\/li>\n<li>Keine Fahrzeuge f\u00fchren!<\/li>\n<\/ul>\n<p>M\u00f6chtest du auch ein Rezept f\u00fcr ein Cannabis-\u00d6l oder vegane Variante?<\/p>\n<p>[\/et_pb_text][\/et_pb_column][\/et_pb_row][\/et_pb_section][et_pb_section fb_built=&#8220;1&#8243; admin_label=&#8220;Call to Action&#8220; _builder_version=&#8220;4.24.2&#8243; _module_preset=&#8220;default&#8220; background_color=&#8220;gcid-primary-color&#8220; custom_padding=&#8220;10px||10px||true|false&#8220; locked=&#8220;off&#8220; collapsed=&#8220;on&#8220; global_colors_info=&#8220;{%22gcid-primary-color%22:%91%22background_color%22%93}&#8220;][et_pb_row column_structure=&#8220;2_3,1_3&#8243; make_equal=&#8220;on&#8220; _builder_version=&#8220;4.27.4&#8243; _module_preset=&#8220;5138c454-be54-4233-bd3b-f8e6a8747976&#8243; global_colors_info=&#8220;{}&#8220;][et_pb_column type=&#8220;2_3&#8243; _builder_version=&#8220;4.18.0&#8243; _module_preset=&#8220;73121f80-a3ef-4484-8763-c3f18e3c56d2&#8243; global_colors_info=&#8220;{}&#8220;][et_pb_blurb title=&#8220;Werde Teil unserer Gemeinschaft!&#8220; use_icon=&#8220;on&#8220; font_icon=&#8220;&#xf164;||fa||400&#8243; _builder_version=&#8220;4.27.4&#8243; _module_preset=&#8220;ca79a742-981f-479f-a8a2-3a0292efaff0&#8243; animation_style=&#8220;slide&#8220; animation_direction=&#8220;left&#8220; global_colors_info=&#8220;{%22gcid-f2943306-fa6c-45f0-b632-5fc00151366a%22:%91%22button_text_color%22%93,%22gcid-36fd78a7-34bc-404d-873c-dafa34efaae5%22:%91%22button_text_color%22%93}&#8220;]<\/p>\n<p>Schlie\u00dfe dich dem CSC Cottbus an und gestalte die Zukunft des ersten Cannabis Social Clubs in Brandenburg mit. Profitiere von kontrolliert angebautem Cannabis und bringe deine Ideen f\u00fcr neue Sorten ein. Gemeinsam schaffen wir eine nachhaltige und verantwortungsvolle Gemeinschaft. Sichere dir jetzt deinen Platz!<\/p>\n<p>[\/et_pb_blurb][\/et_pb_column][et_pb_column type=&#8220;1_3&#8243; _builder_version=&#8220;4.27.4&#8243; _module_preset=&#8220;73121f80-a3ef-4484-8763-c3f18e3c56d2&#8243; custom_css_main_element=&#8220;margin: auto;&#8220; global_colors_info=&#8220;{}&#8220;][et_pb_button button_url=&#8220;\/interesse\/&#8220; button_text=&#8220;Jetzt Mitglied werden&#8220; _builder_version=&#8220;4.27.4&#8243; _module_preset=&#8220;6b9172e8-a822-49fb-983b-ab7ff0033f50&#8243; button_bg_color=&#8220;#354634&#8243; animation_direction=&#8220;right&#8220; button_bg_color_last_edited=&#8220;off|desktop&#8220; locked=&#8220;off&#8220; global_colors_info=&#8220;{}&#8220;][\/et_pb_button][\/et_pb_column][\/et_pb_row][\/et_pb_section]<\/p>\n","protected":false},"excerpt":{"rendered":"<p>Esswaren wirken verz\u00f6gert (30\u2013120 Minuten), daf\u00fcr st\u00e4rker und l\u00e4nger (6\u201310 Stunden). Nie nachlegen, bevor du die Wirkung sp\u00fcrst \u2013 \u00dcberdosierung ist h\u00e4ufig bei Einsteigern. Beginne mit kleinen Mengen (max. 5\u201310\u202fmg THC). Keine Fahrzeuge f\u00fchren! M\u00f6chtest du auch ein Rezept f\u00fcr ein Cannabis-\u00d6l oder vegane Variante?Schlie\u00dfe dich dem CSC Cottbus an und gestalte die Zukunft des [&hellip;]<\/p>\n","protected":false},"author":4,"featured_media":0,"parent":0,"menu_order":0,"comment_status":"closed","ping_status":"closed","template":"","meta":{"_et_pb_use_builder":"on","_et_pb_old_content":"<!-- wp:divi\/placeholder \/-->","_et_gb_content_width":"","footnotes":""},"class_list":["post-225594","page","type-page","status-publish","hentry"],"_links":{"self":[{"href":"https:\/\/www.csc-cb.de\/en\/wp-json\/wp\/v2\/pages\/225594","targetHints":{"allow":["GET"]}}],"collection":[{"href":"https:\/\/www.csc-cb.de\/en\/wp-json\/wp\/v2\/pages"}],"about":[{"href":"https:\/\/www.csc-cb.de\/en\/wp-json\/wp\/v2\/types\/page"}],"author":[{"embeddable":true,"href":"https:\/\/www.csc-cb.de\/en\/wp-json\/wp\/v2\/users\/4"}],"replies":[{"embeddable":true,"href":"https:\/\/www.csc-cb.de\/en\/wp-json\/wp\/v2\/comments?post=225594"}],"version-history":[{"count":10,"href":"https:\/\/www.csc-cb.de\/en\/wp-json\/wp\/v2\/pages\/225594\/revisions"}],"predecessor-version":[{"id":225716,"href":"https:\/\/www.csc-cb.de\/en\/wp-json\/wp\/v2\/pages\/225594\/revisions\/225716"}],"wp:attachment":[{"href":"https:\/\/www.csc-cb.de\/en\/wp-json\/wp\/v2\/media?parent=225594"}],"curies":[{"name":"wp","href":"https:\/\/api.w.org\/{rel}","templated":true}]}}