{"id":1879,"date":"2025-05-02T13:58:27","date_gmt":"2025-05-02T11:58:27","guid":{"rendered":"https:\/\/www.csc-cb.de\/?page_id=1879"},"modified":"2025-05-02T14:38:56","modified_gmt":"2025-05-02T12:38:56","slug":"interest","status":"publish","type":"page","link":"https:\/\/www.csc-cb.de\/en\/interesse\/","title":{"rendered":"Interest"},"content":{"rendered":"<p>[et_pb_section fb_built=&#8220;1&#8243; _builder_version=&#8220;4.27.4&#8243; _module_preset=&#8220;default&#8220; global_colors_info=&#8220;{}&#8220;][et_pb_row _builder_version=&#8220;4.27.4&#8243; _module_preset=&#8220;default&#8220; global_colors_info=&#8220;{}&#8220;][et_pb_column type=&#8220;4_4&#8243; _builder_version=&#8220;4.27.4&#8243; _module_preset=&#8220;default&#8220; global_colors_info=&#8220;{}&#8220;][et_pb_heading title=&#8220;In\u00adte\u00adr\u00ades\u00adsens\u00adbe\u00adkun\u00addung&#8220; _builder_version=&#8220;4.27.4&#8243; _module_preset=&#8220;f0c675ea-2574-4d0e-b725-30f8550a8550&#8243; title_text_color=&#8220;gcid-primary-color&#8220; hover_enabled=&#8220;0&#8243; locked=&#8220;off&#8220; global_colors_info=&#8220;{%22gcid-primary-color%22:%91%22title_text_color%22%93}&#8220; title_font=&#8220;&#8211;et_global_body_font|600||on|||||&#8220; title_level=&#8220;h1&#8243; title_font_size=&#8220;18px&#8220; sticky_enabled=&#8220;0&#8243;][\/et_pb_heading][et_pb_heading title=&#8220;Werde Teil des CSC Cottbus&#8220; _builder_version=&#8220;4.27.4&#8243; _module_preset=&#8220;ddeb8c09-9078-4424-bc15-2efb6572e28e&#8220; locked=&#8220;off&#8220; global_colors_info=&#8220;{}&#8220;][\/et_pb_heading][et_pb_text _builder_version=&#8220;4.27.4&#8243; _module_preset=&#8220;2c55a9c4-feed-423b-9edb-ae0b5b365cac&#8220; hover_enabled=&#8220;0&#8243; locked=&#8220;off&#8220; global_colors_info=&#8220;{}&#8220; text_font_size=&#8220;18px&#8220; sticky_enabled=&#8220;0&#8243; text_font_size_tablet=&#8220;16px&#8220; text_font_size_phone=&#8220;15px&#8220;]<\/p>\n<p>Hier kannst du dich, unter Angabe deines Namens und E-Mail Adresse auf unsere exklusive Warteliste setzen lassen. Wir werden dir dann deinen Platz auf der Warteliste best\u00e4tigen und wenn alles passt, bekommst du einen Mitgliedsantrag auf die angegebene E-Mail Adresse gesendet.<\/p>\n<p>[\/et_pb_text][\/et_pb_column][\/et_pb_row][et_pb_row column_structure=&#8220;2_5,3_5&#8243; _builder_version=&#8220;4.27.4&#8243; _module_preset=&#8220;default&#8220; global_colors_info=&#8220;{}&#8220;][et_pb_column type=&#8220;2_5&#8243; _builder_version=&#8220;4.27.4&#8243; _module_preset=&#8220;default&#8220; custom_css_main_element=&#8220;margin: auto;&#8220; global_colors_info=&#8220;{}&#8220;][et_pb_image src=&#8220;https:\/\/www.csc-cb.de\/wp-content\/uploads\/2025\/05\/Interessensbekundung_CSC-Cottbus.png&#8220; title_text=&#8220;Interessensbekundung_CSC-Cottbus&#8220; _builder_version=&#8220;4.27.4&#8243; _module_preset=&#8220;6ed8fd5c-62c5-4100-98c3-7b8b6d2c2ee6&#8243; custom_margin=&#8220;50px||||false|false&#8220; global_colors_info=&#8220;{}&#8220;][\/et_pb_image][\/et_pb_column][et_pb_column type=&#8220;3_5&#8243; _builder_version=&#8220;4.27.4&#8243; _module_preset=&#8220;default&#8220; global_colors_info=&#8220;{}&#8220;][wpforms_selector form_id=&#8220;57&#8243; show_title=&#8220;off&#8220; show_desc=&#8220;off&#8220; _builder_version=&#8220;4.27.4&#8243; _module_preset=&#8220;default&#8220; module_alignment=&#8220;center&#8220; custom_padding=&#8220;||||false|false&#8220; global_colors_info=&#8220;{}&#8220;][\/wpforms_selector][\/et_pb_column][\/et_pb_row][\/et_pb_section]<\/p>\n","protected":false},"excerpt":{"rendered":"<p>Hier kannst du dich, unter Angabe deines Namens und E-Mail Adresse auf unsere exklusive Warteliste setzen lassen. Wir werden dir dann deinen Platz auf der Warteliste best\u00e4tigen und wenn alles passt, bekommst du einen Mitgliedsantrag auf die angegebene E-Mail Adresse gesendet.<div class=\"et_pb_module wpforms_selector wpforms_selector_0\">\n\t\t\t\t\n\t\t\t\t\n\t\t\t\t\n\t\t\t\t\n\t\t\t\t\n\t\t\t\t\n\t\t\t\t<div class=\"et_pb_module_inner\">\n\t\t\t\t\t<style id=\"wpforms-css-vars-57\">\n\t\t\t\t#wpforms-57 {\n\t\t\t\t\n\t\t\t}\n\t\t\t<\/style><div class=\"wpforms-container wpforms-container-full wpforms-render-modern\" id=\"wpforms-57\"><form id=\"wpforms-form-57\" class=\"wpforms-validate wpforms-form wpforms-ajax-form\" data-formid=\"57\" method=\"post\" enctype=\"multipart\/form-data\" action=\"\/en\/wp-json\/wp\/v2\/pages\/1879\" data-token=\"cd3ab017adebf9841a4c651b46605ecb\" data-token-time=\"1777652354\"><noscript class=\"wpforms-error-noscript\">Please enable JavaScript in your browser to complete this form.<\/noscript><div id=\"wpforms-error-noscript\" style=\"display: none;\">Please enable JavaScript in your browser to complete this form.<\/div><div class=\"wpforms-field-container\"><div id=\"wpforms-57-field_2-container\" class=\"wpforms-field wpforms-field-name\" data-field-id=\"2\"><fieldset><legend class=\"wpforms-field-label\">Name des zuk\u00fcnftigen Mitglieds <span class=\"wpforms-required-label\" aria-hidden=\"true\">*<\/span><\/legend><div class=\"wpforms-field-row wpforms-field-medium\"><div class=\"wpforms-field-row-block wpforms-first wpforms-one-half\"><input type=\"text\" id=\"wpforms-57-field_2\" class=\"wpforms-field-name-first wpforms-field-required\" name=\"wpforms[fields][2][first]\" aria-errormessage=\"wpforms-57-field_2-error\" required><label for=\"wpforms-57-field_2\" class=\"wpforms-field-sublabel after\">First<\/label><\/div><div class=\"wpforms-field-row-block wpforms-one-half\"><input type=\"text\" id=\"wpforms-57-field_2-last\" class=\"wpforms-field-name-last wpforms-field-required\" name=\"wpforms[fields][2][last]\" aria-errormessage=\"wpforms-57-field_2-last-error\" required><label for=\"wpforms-57-field_2-last\" class=\"wpforms-field-sublabel after\">Last<\/label><\/div><\/div><\/fieldset><\/div><div id=\"wpforms-57-field_3-container\" class=\"wpforms-field wpforms-field-email\" data-field-id=\"3\"><label class=\"wpforms-field-label\" for=\"wpforms-57-field_3\">E-Mail-Adresse <span class=\"wpforms-required-label\" aria-hidden=\"true\">*<\/span><\/label><input type=\"email\" id=\"wpforms-57-field_3\" class=\"wpforms-field-medium wpforms-field-required\" name=\"wpforms[fields][3]\" spellcheck=\"false\" aria-errormessage=\"wpforms-57-field_3-error\" aria-describedby=\"wpforms-57-field_3-description\" required><div id=\"wpforms-57-field_3-description\" class=\"wpforms-field-description\">Die E-Mail Adresse auf die du den Aufnahmeantrag gesendet bekommen m\u00f6chtest.<\/div><\/div><div id=\"wpforms-57-field_11-container\" class=\"wpforms-field wpforms-field-number\" data-field-id=\"11\"><label class=\"wpforms-field-label\" for=\"wpforms-57-field_11\">Alter des\/der Interessenten\/in <span class=\"wpforms-required-label\" aria-hidden=\"true\">*<\/span><\/label><input type=\"number\" id=\"wpforms-57-field_11\" class=\"wpforms-field-medium wpforms-field-required\" name=\"wpforms[fields][11]\" step=\"any\" aria-errormessage=\"wpforms-57-field_11-error\" required><\/div><div id=\"wpforms-57-field_4-container\" class=\"wpforms-field wpforms-field-radio\" data-field-id=\"4\"><fieldset><legend class=\"wpforms-field-label\">Um unsere Produktion besser planen zu k\u00f6nnen, bitten wir dich deinen monatlichen Bedarf grob zu sch\u00e4tzen. Die Antwort ist nicht verpflichtend, aber f\u00fcr uns sehr wichtig. <span class=\"wpforms-required-label\" aria-hidden=\"true\">*<\/span><\/legend><ul id=\"wpforms-57-field_4\" class=\"wpforms-field-required\"><li class=\"choice-5 depth-1\"><input type=\"radio\" id=\"wpforms-57-field_4_5\" name=\"wpforms[fields][4]\" value=\"5 Gramm\" aria-errormessage=\"wpforms-57-field_4_5-error\" required ><label class=\"wpforms-field-label-inline\" for=\"wpforms-57-field_4_5\">5 Gramm<\/label><\/li><li class=\"choice-4 depth-1\"><input type=\"radio\" id=\"wpforms-57-field_4_4\" name=\"wpforms[fields][4]\" value=\"10 - 20 Gramm\" aria-errormessage=\"wpforms-57-field_4_4-error\" required ><label class=\"wpforms-field-label-inline\" for=\"wpforms-57-field_4_4\">10 - 20 Gramm<\/label><\/li><li class=\"choice-3 depth-1\"><input type=\"radio\" id=\"wpforms-57-field_4_3\" name=\"wpforms[fields][4]\" value=\"20 - 30 Gramm\" aria-errormessage=\"wpforms-57-field_4_3-error\" required ><label class=\"wpforms-field-label-inline\" for=\"wpforms-57-field_4_3\">20 - 30 Gramm<\/label><\/li><li class=\"choice-2 depth-1\"><input type=\"radio\" id=\"wpforms-57-field_4_2\" name=\"wpforms[fields][4]\" value=\"30 - 40 Gramm\" aria-errormessage=\"wpforms-57-field_4_2-error\" required ><label class=\"wpforms-field-label-inline\" for=\"wpforms-57-field_4_2\">30 - 40 Gramm<\/label><\/li><li class=\"choice-1 depth-1\"><input type=\"radio\" id=\"wpforms-57-field_4_1\" name=\"wpforms[fields][4]\" value=\"40 - 50 Gramm\" aria-errormessage=\"wpforms-57-field_4_1-error\" required ><label class=\"wpforms-field-label-inline\" for=\"wpforms-57-field_4_1\">40 - 50 Gramm<\/label><\/li><\/ul><\/fieldset><\/div><div id=\"wpforms-57-field_17-container\" class=\"wpforms-field wpforms-field-text\" data-field-id=\"17\"><label class=\"wpforms-field-label\" for=\"wpforms-57-field_17\">Welche Hanf-Sorte w\u00fcnscht Du Dir?<\/label><input type=\"text\" id=\"wpforms-57-field_17\" class=\"wpforms-field-medium\" name=\"wpforms[fields][17]\" aria-errormessage=\"wpforms-57-field_17-error\" ><\/div><div id=\"wpforms-57-field_9-container\" class=\"wpforms-field wpforms-field-text\" data-field-id=\"9\"><label class=\"wpforms-field-label\" for=\"wpforms-57-field_9\">Womit m\u00f6chtest Du dich im Verein einbringen?<\/label><input type=\"text\" id=\"wpforms-57-field_9\" class=\"wpforms-field-large\" name=\"wpforms[fields][9]\" aria-errormessage=\"wpforms-57-field_9-error\" ><\/div><div id=\"wpforms-57-field_6-container\" class=\"wpforms-field wpforms-field-gdpr-checkbox\" data-field-id=\"6\"><label class=\"wpforms-field-label\">DSGVO-Einverst\u00e4ndnis <span class=\"wpforms-required-label\" aria-hidden=\"true\">*<\/span><\/label><ul id=\"wpforms-57-field_6\" class=\"wpforms-field-required\"><li class=\"choice-1\"><input type=\"checkbox\" id=\"wpforms-57-field_6_1\" name=\"wpforms[fields][6][]\" value=\"Ich willige ein, dass diese Website meine \u00fcbermittelten Informationen speichert, sodass meine Anfrage beantwortet werden kann.\" aria-errormessage=\"wpforms-57-field_6_1-error\" required ><label class=\"wpforms-field-label-inline\" for=\"wpforms-57-field_6_1\">Ich willige ein, dass diese Website meine \u00fcbermittelten Informationen speichert, sodass meine Anfrage beantwortet werden kann.<\/label><\/li><\/ul><\/div><\/div><!-- .wpforms-field-container --><div class=\"wpforms-recaptcha-container wpforms-is-recaptcha wpforms-is-recaptcha-type-v2\" ><div class=\"g-recaptcha\" data-sitekey=\"6LdHpNQpAAAAANwWRAfpYieusjS55DV7PfVayckX\"><\/div><input type=\"text\" name=\"g-recaptcha-hidden\" class=\"wpforms-recaptcha-hidden\" style=\"position:absolute!important;clip:rect(0,0,0,0)!important;height:1px!important;width:1px!important;border:0!important;overflow:hidden!important;padding:0!important;margin:0!important;\" data-rule-recaptcha=\"1\"><\/div><div class=\"wpforms-submit-container\" ><input type=\"hidden\" name=\"wpforms[id]\" value=\"57\"><input type=\"hidden\" name=\"page_title\" value=\"\"><input type=\"hidden\" name=\"page_url\" value=\"https:\/\/www.csc-cb.de\/en\/wp-json\/wp\/v2\/pages\/1879\"><input type=\"hidden\" name=\"url_referer\" value=\"\"><button type=\"submit\" name=\"wpforms[submit]\" id=\"wpforms-submit-57\" class=\"wpforms-submit\" data-alt-text=\"Wird gesendet\u00a0\u2026\" data-submit-text=\"Absenden\" aria-live=\"assertive\" value=\"wpforms-submit\">Absenden<\/button><img loading=\"lazy\" decoding=\"async\" src=\"https:\/\/www.csc-cb.de\/wp-content\/plugins\/wpforms-lite\/assets\/images\/submit-spin.svg\" class=\"wpforms-submit-spinner\" style=\"display: none;\" width=\"26\" height=\"26\" alt=\"Loading\"><\/div><\/form><\/div>  <!-- .wpforms-container -->\n\t\t\t\t<\/div>\n\t\t\t<\/div><\/p>\n","protected":false},"author":4,"featured_media":0,"parent":0,"menu_order":0,"comment_status":"closed","ping_status":"closed","template":"","meta":{"_et_pb_use_builder":"on","_et_pb_old_content":"","_et_gb_content_width":"","footnotes":""},"class_list":["post-1879","page","type-page","status-publish","hentry"],"_links":{"self":[{"href":"https:\/\/www.csc-cb.de\/en\/wp-json\/wp\/v2\/pages\/1879","targetHints":{"allow":["GET"]}}],"collection":[{"href":"https:\/\/www.csc-cb.de\/en\/wp-json\/wp\/v2\/pages"}],"about":[{"href":"https:\/\/www.csc-cb.de\/en\/wp-json\/wp\/v2\/types\/page"}],"author":[{"embeddable":true,"href":"https:\/\/www.csc-cb.de\/en\/wp-json\/wp\/v2\/users\/4"}],"replies":[{"embeddable":true,"href":"https:\/\/www.csc-cb.de\/en\/wp-json\/wp\/v2\/comments?post=1879"}],"version-history":[{"count":5,"href":"https:\/\/www.csc-cb.de\/en\/wp-json\/wp\/v2\/pages\/1879\/revisions"}],"predecessor-version":[{"id":1893,"href":"https:\/\/www.csc-cb.de\/en\/wp-json\/wp\/v2\/pages\/1879\/revisions\/1893"}],"wp:attachment":[{"href":"https:\/\/www.csc-cb.de\/en\/wp-json\/wp\/v2\/media?parent=1879"}],"curies":[{"name":"wp","href":"https:\/\/api.w.org\/{rel}","templated":true}]}}